{"id":338,"date":"2020-11-05T01:41:37","date_gmt":"2020-11-05T01:41:37","guid":{"rendered":"https:\/\/ostanimozdravi.hr\/szl\/?page_id=338"},"modified":"2020-11-27T20:03:07","modified_gmt":"2020-11-27T20:03:07","slug":"o-projektu","status":"publish","type":"page","link":"https:\/\/ostanimozdravi.hr\/szl\/o-projektu\/","title":{"rendered":"O projektu"},"content":{"rendered":"\t\t<div data-elementor-type=\"wp-page\" data-elementor-id=\"338\" class=\"elementor elementor-338\">\n\t\t\t\t\t\t<div class=\"elementor-inner\">\n\t\t\t\t<div class=\"elementor-section-wrap\">\n\t\t\t\t\t\t\t\t\t<section class=\"elementor-section elementor-top-section elementor-element elementor-element-e5fa584 elementor-section-height-min-height elementor-section-boxed elementor-section-height-default elementor-section-items-middle\" data-id=\"e5fa584\" data-element_type=\"section\" data-settings=\"{&quot;background_background&quot;:&quot;gradient&quot;}\">\n\t\t\t\t\t\t\t<div class=\"elementor-background-overlay\"><\/div>\n\t\t\t\t\t\t\t<div class=\"elementor-container elementor-column-gap-default\">\n\t\t\t\t\t\t\t<div class=\"elementor-row\">\n\t\t\t\t\t<div class=\"elementor-column elementor-col-100 elementor-top-column elementor-element elementor-element-11f8bbe\" data-id=\"11f8bbe\" data-element_type=\"column\">\n\t\t\t<div class=\"elementor-column-wrap elementor-element-populated\">\n\t\t\t\t\t\t\t<div class=\"elementor-widget-wrap\">\n\t\t\t\t\t\t<section class=\"elementor-section elementor-inner-section elementor-element elementor-element-79cc111 elementor-section-boxed elementor-section-height-default elementor-section-height-default\" data-id=\"79cc111\" data-element_type=\"section\">\n\t\t\t\t\t\t<div class=\"elementor-container elementor-column-gap-default\">\n\t\t\t\t\t\t\t<div class=\"elementor-row\">\n\t\t\t\t\t<div class=\"elementor-column elementor-col-100 elementor-inner-column elementor-element elementor-element-1c70bae\" data-id=\"1c70bae\" data-element_type=\"column\">\n\t\t\t<div class=\"elementor-column-wrap elementor-element-populated\">\n\t\t\t\t\t\t\t<div class=\"elementor-widget-wrap\">\n\t\t\t\t\t\t<div class=\"elementor-element elementor-element-07055f1 elementor-widget elementor-widget-text-editor\" data-id=\"07055f1\" data-element_type=\"widget\" data-widget_type=\"text-editor.default\">\n\t\t\t\t<div class=\"elementor-widget-container\">\n\t\t\t\t\t\t\t\t<div class=\"elementor-text-editor elementor-clearfix\">\n\t\t\t\t<p>O Projektu<\/p>\t\t\t\t\t<\/div>\n\t\t\t\t\t\t<\/div>\n\t\t\t\t<\/div>\n\t\t\t\t\t\t<\/div>\n\t\t\t\t\t<\/div>\n\t\t<\/div>\n\t\t\t\t\t\t\t\t<\/div>\n\t\t\t\t\t<\/div>\n\t\t<\/section>\n\t\t\t\t\t\t<\/div>\n\t\t\t\t\t<\/div>\n\t\t<\/div>\n\t\t\t\t\t\t\t\t<\/div>\n\t\t\t\t\t<\/div>\n\t\t<\/section>\n\t\t\t\t<section class=\"elementor-section elementor-top-section elementor-element elementor-element-0e45a3c elementor-section-boxed elementor-section-height-default elementor-section-height-default\" data-id=\"0e45a3c\" data-element_type=\"section\" data-settings=\"{&quot;background_background&quot;:&quot;classic&quot;}\">\n\t\t\t\t\t\t<div class=\"elementor-container elementor-column-gap-default\">\n\t\t\t\t\t\t\t<div class=\"elementor-row\">\n\t\t\t\t\t<div class=\"elementor-column elementor-col-100 elementor-top-column elementor-element elementor-element-34b6e41\" data-id=\"34b6e41\" data-element_type=\"column\">\n\t\t\t<div class=\"elementor-column-wrap elementor-element-populated\">\n\t\t\t\t\t\t\t<div class=\"elementor-widget-wrap\">\n\t\t\t\t\t\t<section class=\"elementor-section elementor-inner-section elementor-element elementor-element-cac30d9 elementor-section-content-middle elementor-section-boxed elementor-section-height-default elementor-section-height-default\" data-id=\"cac30d9\" data-element_type=\"section\">\n\t\t\t\t\t\t<div class=\"elementor-container elementor-column-gap-default\">\n\t\t\t\t\t\t\t<div class=\"elementor-row\">\n\t\t\t\t\t<div class=\"elementor-column elementor-col-100 elementor-inner-column elementor-element elementor-element-874a465\" data-id=\"874a465\" data-element_type=\"column\" data-settings=\"{&quot;background_background&quot;:&quot;classic&quot;}\">\n\t\t\t<div class=\"elementor-column-wrap elementor-element-populated\">\n\t\t\t\t\t\t\t<div class=\"elementor-widget-wrap\">\n\t\t\t\t\t\t<div class=\"elementor-element elementor-element-aca47f6 elementor-widget elementor-widget-heading\" data-id=\"aca47f6\" data-element_type=\"widget\" data-widget_type=\"heading.default\">\n\t\t\t\t<div class=\"elementor-widget-container\">\n\t\t\t<h3 class=\"elementor-heading-title elementor-size-default\">Naziv i ciljevi Projekta<\/h3>\t\t<\/div>\n\t\t\t\t<\/div>\n\t\t\t\t<div class=\"elementor-element elementor-element-501aeec elementor-widget-divider--view-line elementor-widget elementor-widget-divider\" data-id=\"501aeec\" data-element_type=\"widget\" data-widget_type=\"divider.default\">\n\t\t\t\t<div class=\"elementor-widget-container\">\n\t\t\t\t\t<div class=\"elementor-divider\">\n\t\t\t<span class=\"elementor-divider-separator\">\n\t\t\t\t\t\t<\/span>\n\t\t<\/div>\n\t\t\t\t<\/div>\n\t\t\t\t<\/div>\n\t\t\t\t<div class=\"elementor-element elementor-element-ee74362 elementor-widget elementor-widget-text-editor\" data-id=\"ee74362\" data-element_type=\"widget\" data-widget_type=\"text-editor.default\">\n\t\t\t\t<div class=\"elementor-widget-container\">\n\t\t\t\t\t\t\t\t<div class=\"elementor-text-editor elementor-clearfix\">\n\t\t\t\t<p>Projekt naziva Promicanje svijesti o potrebi prevencije i pove\u0107anje znanja o metodama prevencije kri\u017eobolje na teritoriju grada Zagreba (skra\u0107eni naziv: \u201ePrevencija kri\u017eobolje\u201c) ima za cilj razviti i implementirati preventivni program \u0161kole le\u0111a u Zagrebu, s ciljem preveniranja broj i duljine novih epizoda bolnih le\u0111a te, i s dugoro\u010dnim ciljem (izvan dosega ovog projekta), redukcijom kronifikacije kri\u017eobolje.<\/p>\t\t\t\t\t<\/div>\n\t\t\t\t\t\t<\/div>\n\t\t\t\t<\/div>\n\t\t\t\t\t\t<\/div>\n\t\t\t\t\t<\/div>\n\t\t<\/div>\n\t\t\t\t\t\t\t\t<\/div>\n\t\t\t\t\t<\/div>\n\t\t<\/section>\n\t\t\t\t<section class=\"elementor-section elementor-inner-section elementor-element elementor-element-1ae0baa elementor-section-content-middle elementor-section-boxed elementor-section-height-default elementor-section-height-default\" data-id=\"1ae0baa\" data-element_type=\"section\">\n\t\t\t\t\t\t<div class=\"elementor-container elementor-column-gap-default\">\n\t\t\t\t\t\t\t<div class=\"elementor-row\">\n\t\t\t\t\t<div class=\"elementor-column elementor-col-100 elementor-inner-column elementor-element elementor-element-6a4ea98\" data-id=\"6a4ea98\" data-element_type=\"column\" data-settings=\"{&quot;background_background&quot;:&quot;classic&quot;}\">\n\t\t\t<div class=\"elementor-column-wrap elementor-element-populated\">\n\t\t\t\t\t\t\t<div class=\"elementor-widget-wrap\">\n\t\t\t\t\t\t<div class=\"elementor-element elementor-element-0bed38f elementor-widget elementor-widget-heading\" data-id=\"0bed38f\" data-element_type=\"widget\" data-widget_type=\"heading.default\">\n\t\t\t\t<div class=\"elementor-widget-container\">\n\t\t\t<h3 class=\"elementor-heading-title elementor-size-default\">Ukupna vrijednost Projekta i iznos koji sufinancira EU<\/h3>\t\t<\/div>\n\t\t\t\t<\/div>\n\t\t\t\t<div class=\"elementor-element elementor-element-bdb4fdb elementor-widget-divider--view-line elementor-widget elementor-widget-divider\" data-id=\"bdb4fdb\" data-element_type=\"widget\" data-widget_type=\"divider.default\">\n\t\t\t\t<div class=\"elementor-widget-container\">\n\t\t\t\t\t<div class=\"elementor-divider\">\n\t\t\t<span class=\"elementor-divider-separator\">\n\t\t\t\t\t\t<\/span>\n\t\t<\/div>\n\t\t\t\t<\/div>\n\t\t\t\t<\/div>\n\t\t\t\t<div class=\"elementor-element elementor-element-28ce5d3 elementor-widget elementor-widget-text-editor\" data-id=\"28ce5d3\" data-element_type=\"widget\" data-widget_type=\"text-editor.default\">\n\t\t\t\t<div class=\"elementor-widget-container\">\n\t\t\t\t\t\t\t\t<div class=\"elementor-text-editor elementor-clearfix\">\n\t\t\t\t<p>Ukupna vrijednost projekta je 499.150,64 kuna, pri \u010demu EU financira 100% vrijednosti Projekta.<\/p><p>Provedba radionica zapo\u010dinje u velja\u010di 2021. godine i traje do velja\u010de 2022. godine.<\/p>\t\t\t\t\t<\/div>\n\t\t\t\t\t\t<\/div>\n\t\t\t\t<\/div>\n\t\t\t\t\t\t<\/div>\n\t\t\t\t\t<\/div>\n\t\t<\/div>\n\t\t\t\t\t\t\t\t<\/div>\n\t\t\t\t\t<\/div>\n\t\t<\/section>\n\t\t\t\t<section class=\"elementor-section elementor-inner-section elementor-element elementor-element-5703abb elementor-section-content-middle elementor-section-boxed elementor-section-height-default elementor-section-height-default\" data-id=\"5703abb\" data-element_type=\"section\">\n\t\t\t\t\t\t<div class=\"elementor-container elementor-column-gap-default\">\n\t\t\t\t\t\t\t<div class=\"elementor-row\">\n\t\t\t\t\t<div class=\"elementor-column elementor-col-100 elementor-inner-column elementor-element elementor-element-d05b544\" data-id=\"d05b544\" data-element_type=\"column\" data-settings=\"{&quot;background_background&quot;:&quot;classic&quot;}\">\n\t\t\t<div class=\"elementor-column-wrap elementor-element-populated\">\n\t\t\t\t\t\t\t<div class=\"elementor-widget-wrap\">\n\t\t\t\t\t\t<div class=\"elementor-element elementor-element-8d50ba1 elementor-widget elementor-widget-heading\" data-id=\"8d50ba1\" data-element_type=\"widget\" data-widget_type=\"heading.default\">\n\t\t\t\t<div class=\"elementor-widget-container\">\n\t\t\t<h3 class=\"elementor-heading-title elementor-size-default\">Kratki opis Projekta<\/h3>\t\t<\/div>\n\t\t\t\t<\/div>\n\t\t\t\t<div class=\"elementor-element elementor-element-39a858c elementor-widget-divider--view-line elementor-widget elementor-widget-divider\" data-id=\"39a858c\" data-element_type=\"widget\" data-widget_type=\"divider.default\">\n\t\t\t\t<div class=\"elementor-widget-container\">\n\t\t\t\t\t<div class=\"elementor-divider\">\n\t\t\t<span class=\"elementor-divider-separator\">\n\t\t\t\t\t\t<\/span>\n\t\t<\/div>\n\t\t\t\t<\/div>\n\t\t\t\t<\/div>\n\t\t\t\t<div class=\"elementor-element elementor-element-a5bd062 elementor-widget elementor-widget-text-editor\" data-id=\"a5bd062\" data-element_type=\"widget\" data-widget_type=\"text-editor.default\">\n\t\t\t\t<div class=\"elementor-widget-container\">\n\t\t\t\t\t\t\t\t<div class=\"elementor-text-editor elementor-clearfix\">\n\t\t\t\t<p>Bolna le\u0111a su jedan od naj\u010de\u0161\u0107ih razloga posjeta ambulanti op\u0107e medicine. Iako mehani\u010dka kri\u017eobolja ne predstavlja ozbiljno stanje, zabrinjava u\u010destalost recidiva, utjecaj na kvalitetu \u017eivota, utjecaj na \u010desta bolovanja, kri\u017eobolja u sve mla\u0111ih osoba i posebno potencijalni prelazak u kroni\u010dnu kri\u017eobolju. Radi se o indikaciji koja, iako ne utje\u010de na mortalitet, zna\u010dajno optere\u0107uje zdravstvo, financijski i kapacitetno. U\u010destalost, utjecaj na kvalitetu \u017eivota te visoki tro\u0161kovi stavljaju bolna le\u0111a u fokus preventivnih djelovanja u EU. Europske smjernice za prevenciju bolnih le\u0111a (www.backpaineurope.org) isti\u010du: 1.vje\u017ebanje se preporu\u010da za prevenciju pojave i duljine novih epizoda bolnih le\u0111a i 2.\u0161kole le\u0111a (back schools), organizirane kao intenzivni programi koji objedinjavaju edukaciju i vje\u017ebanje, se preporu\u010daju za osobe koje imaju recidive bolnih le\u0111a a u svrhu spre\u010davanja kronifikacije. Kako se u RH ne provodi sustavna prevencija kri\u017eobolje, projektom \u017eelimo pro\u0161iriti svijest o potrebi i mogu\u0107nosti prevencije kri\u017eobolje te razviti i zapo\u010deti implementaciju preventivnog programa \u0161kole le\u0111a u Zagrebu<\/p><p>Projektom \u017eelimo kroz medijsku kampanju promovirati va\u017enost prevencije kri\u017eobolje i regrutirati polaznike te\u010dajeva \u0161kole le\u0111a. Tijekom projekta organizirala bi se dva tipa edukacija: Radionica \u0161kole le\u0111a za radno mjesto i Te\u010daj \u0161kole le\u0111a-sveobuhvatni program \u0161kole le\u0111a u trajanju od 8X60 min. Krajnji korisnici edukacija \u0161kole le\u0111a \u0107e biti potaknuti na samoodgovornost za zdravlje le\u0111a, promijeniti \u0161tetna uvjerenja vezana uz kri\u017eobolju, osvijestiti nepovoljna dr\u017eanja i pokrete, biti motivirani na aktivan \u017eivot i redovito vje\u017ebanje te osposobljeni za jednostavno samostalno vje\u017ebanje. Polaznici edukacija dobiti \u0107e edukativne bro\u0161ure s opisom vje\u017ebi za nastavak samostalnog kori\u0161tenja.<\/p>\t\t\t\t\t<\/div>\n\t\t\t\t\t\t<\/div>\n\t\t\t\t<\/div>\n\t\t\t\t\t\t<\/div>\n\t\t\t\t\t<\/div>\n\t\t<\/div>\n\t\t\t\t\t\t\t\t<\/div>\n\t\t\t\t\t<\/div>\n\t\t<\/section>\n\t\t\t\t\t\t<\/div>\n\t\t\t\t\t<\/div>\n\t\t<\/div>\n\t\t\t\t\t\t\t\t<\/div>\n\t\t\t\t\t<\/div>\n\t\t<\/section>\n\t\t\t\t\t\t\t\t\t<\/div>\n\t\t\t<\/div>\n\t\t\t\t\t<\/div>\n\t\t","protected":false},"excerpt":{"rendered":"<p>O Projektu Naziv i ciljevi Projekta Projekt naziva Promicanje svijesti o potrebi prevencije i pove\u0107anje znanja o metodama prevencije kri\u017eobolje na teritoriju grada Zagreba (skra\u0107eni naziv: \u201ePrevencija kri\u017eobolje\u201c) ima za cilj razviti i implementirati preventivni program \u0161kole le\u0111a u Zagrebu, s ciljem preveniranja broj i duljine novih epizoda bolnih le\u0111a te, i s dugoro\u010dnim ciljem&hellip;&nbsp;<a href=\"https:\/\/ostanimozdravi.hr\/szl\/o-projektu\/\" class=\"\" rel=\"bookmark\">Read More &raquo;<span class=\"screen-reader-text\">O projektu<\/span><\/a><\/p>\n","protected":false},"author":1,"featured_media":0,"parent":0,"menu_order":0,"comment_status":"closed","ping_status":"closed","template":"page-templates\/template-pagebuilder-full-width.php","meta":{"neve_meta_sidebar":"full-width","neve_meta_container":"","neve_meta_enable_content_width":"on","neve_meta_content_width":100,"neve_meta_title_alignment":"","neve_meta_author_avatar":"","neve_post_elements_order":"","neve_meta_disable_header":"","neve_meta_disable_footer":"","neve_meta_disable_title":"","_ti_tpc_template_sync":false,"_ti_tpc_template_id":"","footnotes":""},"_links":{"self":[{"href":"https:\/\/ostanimozdravi.hr\/szl\/wp-json\/wp\/v2\/pages\/338"}],"collection":[{"href":"https:\/\/ostanimozdravi.hr\/szl\/wp-json\/wp\/v2\/pages"}],"about":[{"href":"https:\/\/ostanimozdravi.hr\/szl\/wp-json\/wp\/v2\/types\/page"}],"author":[{"embeddable":true,"href":"https:\/\/ostanimozdravi.hr\/szl\/wp-json\/wp\/v2\/users\/1"}],"replies":[{"embeddable":true,"href":"https:\/\/ostanimozdravi.hr\/szl\/wp-json\/wp\/v2\/comments?post=338"}],"version-history":[{"count":9,"href":"https:\/\/ostanimozdravi.hr\/szl\/wp-json\/wp\/v2\/pages\/338\/revisions"}],"predecessor-version":[{"id":407,"href":"https:\/\/ostanimozdravi.hr\/szl\/wp-json\/wp\/v2\/pages\/338\/revisions\/407"}],"wp:attachment":[{"href":"https:\/\/ostanimozdravi.hr\/szl\/wp-json\/wp\/v2\/media?parent=338"}],"curies":[{"name":"wp","href":"https:\/\/api.w.org\/{rel}","templated":true}]}}