{"id":26,"date":"2020-04-13T09:58:39","date_gmt":"2020-04-13T09:58:39","guid":{"rendered":"https:\/\/demosites.io\/doctor\/?page_id=26"},"modified":"2020-11-27T19:31:25","modified_gmt":"2020-11-27T19:31:25","slug":"tecajevi","status":"publish","type":"page","link":"https:\/\/ostanimozdravi.hr\/szl\/tecajevi\/","title":{"rendered":"Besplatni Te\u010dajevi"},"content":{"rendered":"\t\t<div data-elementor-type=\"wp-page\" data-elementor-id=\"26\" class=\"elementor elementor-26\">\n\t\t\t\t\t\t<div class=\"elementor-inner\">\n\t\t\t\t<div class=\"elementor-section-wrap\">\n\t\t\t\t\t\t\t\t\t<section class=\"elementor-section elementor-top-section elementor-element elementor-element-72ae790 elementor-section-height-min-height elementor-section-boxed elementor-section-height-default elementor-section-items-middle\" data-id=\"72ae790\" data-element_type=\"section\" data-settings=\"{&quot;background_background&quot;:&quot;gradient&quot;}\">\n\t\t\t\t\t\t\t<div class=\"elementor-background-overlay\"><\/div>\n\t\t\t\t\t\t\t<div class=\"elementor-container elementor-column-gap-default\">\n\t\t\t\t\t\t\t<div class=\"elementor-row\">\n\t\t\t\t\t<div class=\"elementor-column elementor-col-100 elementor-top-column elementor-element elementor-element-9d0101d\" data-id=\"9d0101d\" data-element_type=\"column\">\n\t\t\t<div class=\"elementor-column-wrap elementor-element-populated\">\n\t\t\t\t\t\t\t<div class=\"elementor-widget-wrap\">\n\t\t\t\t\t\t<div class=\"elementor-element elementor-element-9b59f87 elementor-widget elementor-widget-text-editor\" data-id=\"9b59f87\" data-element_type=\"widget\" data-widget_type=\"text-editor.default\">\n\t\t\t\t<div class=\"elementor-widget-container\">\n\t\t\t\t\t\t\t\t<div class=\"elementor-text-editor elementor-clearfix\">\n\t\t\t\t<p><strong>TE\u010cAJEVI \u201e\u0160KOLA ZDRAVIH LE\u0110A\u201c <\/strong><\/p><p><strong>FINANCIRANI SREDSTVIMA EU<\/strong><\/p>\t\t\t\t\t<\/div>\n\t\t\t\t\t\t<\/div>\n\t\t\t\t<\/div>\n\t\t\t\t\t\t<\/div>\n\t\t\t\t\t<\/div>\n\t\t<\/div>\n\t\t\t\t\t\t\t\t<\/div>\n\t\t\t\t\t<\/div>\n\t\t<\/section>\n\t\t\t\t<section class=\"elementor-section elementor-top-section elementor-element elementor-element-73bc36e elementor-section-boxed elementor-section-height-default elementor-section-height-default\" data-id=\"73bc36e\" data-element_type=\"section\" data-settings=\"{&quot;background_background&quot;:&quot;classic&quot;}\">\n\t\t\t\t\t\t<div class=\"elementor-container elementor-column-gap-default\">\n\t\t\t\t\t\t\t<div class=\"elementor-row\">\n\t\t\t\t\t<div class=\"elementor-column elementor-col-100 elementor-top-column elementor-element elementor-element-e730fc2\" data-id=\"e730fc2\" data-element_type=\"column\">\n\t\t\t<div class=\"elementor-column-wrap elementor-element-populated\">\n\t\t\t\t\t\t\t<div class=\"elementor-widget-wrap\">\n\t\t\t\t\t\t<section class=\"elementor-section elementor-inner-section elementor-element elementor-element-8f638a7 elementor-reverse-mobile elementor-section-boxed elementor-section-height-default elementor-section-height-default\" data-id=\"8f638a7\" data-element_type=\"section\">\n\t\t\t\t\t\t<div class=\"elementor-container elementor-column-gap-default\">\n\t\t\t\t\t\t\t<div class=\"elementor-row\">\n\t\t\t\t\t<div class=\"elementor-column elementor-col-50 elementor-inner-column elementor-element elementor-element-e2e71a9\" data-id=\"e2e71a9\" data-element_type=\"column\">\n\t\t\t<div class=\"elementor-column-wrap elementor-element-populated\">\n\t\t\t\t\t\t\t<div class=\"elementor-widget-wrap\">\n\t\t\t\t\t\t<div class=\"elementor-element elementor-element-419bbaf elementor-widget elementor-widget-heading\" data-id=\"419bbaf\" data-element_type=\"widget\" data-widget_type=\"heading.default\">\n\t\t\t\t<div class=\"elementor-widget-container\">\n\t\t\t<h3 class=\"elementor-heading-title elementor-size-default\">Te\u010dajevi<\/h3>\t\t<\/div>\n\t\t\t\t<\/div>\n\t\t\t\t<div class=\"elementor-element elementor-element-fa8b4b2 elementor-widget-divider--view-line elementor-widget elementor-widget-divider\" data-id=\"fa8b4b2\" data-element_type=\"widget\" data-widget_type=\"divider.default\">\n\t\t\t\t<div class=\"elementor-widget-container\">\n\t\t\t\t\t<div class=\"elementor-divider\">\n\t\t\t<span class=\"elementor-divider-separator\">\n\t\t\t\t\t\t<\/span>\n\t\t<\/div>\n\t\t\t\t<\/div>\n\t\t\t\t<\/div>\n\t\t\t\t<div class=\"elementor-element elementor-element-2605327 elementor-widget elementor-widget-heading\" data-id=\"2605327\" data-element_type=\"widget\" data-widget_type=\"heading.default\">\n\t\t\t\t<div class=\"elementor-widget-container\">\n\t\t\t<span class=\"elementor-heading-title elementor-size-default\">Te\u010dajevi \u201e\u0160kola zdravih le\u0111a\u201c, po\u010dinju se odr\u017eavati u velja\u010di 2021. u dvorani u Ra\u010di\u0107evoj 5a (dvori\u0161na zgrada). Te\u010dajevi se sastoje od vje\u017ebanja s edukacijom u trajanju od 8x60 min. u kojima \u0107e polaznici dobiti sve relevantne informacije o postupcima i vje\u017ebama kojima \u0107e smanjiti u\u010destalost recidiva kri\u017eobolje i vjerojatnost njenog prelaska u kroni\u010dno stanje. <\/span>\t\t<\/div>\n\t\t\t\t<\/div>\n\t\t\t\t<div class=\"elementor-element elementor-element-80a574b elementor-widget elementor-widget-image\" data-id=\"80a574b\" data-element_type=\"widget\" data-widget_type=\"image.default\">\n\t\t\t\t<div class=\"elementor-widget-container\">\n\t\t\t\t\t\t\t\t<div class=\"elementor-image\">\n\t\t\t\t\t\t\t\t\t\t\t\t<img loading=\"lazy\" decoding=\"async\" width=\"1024\" height=\"683\" src=\"https:\/\/ostanimozdravi.hr\/szl\/wp-content\/uploads\/2020\/10\/Slika-4-1024x683.jpg\" class=\"attachment-large size-large\" alt=\"\" srcset=\"https:\/\/ostanimozdravi.hr\/szl\/wp-content\/uploads\/2020\/10\/Slika-4-1024x683.jpg 1024w, https:\/\/ostanimozdravi.hr\/szl\/wp-content\/uploads\/2020\/10\/Slika-4-300x200.jpg 300w, https:\/\/ostanimozdravi.hr\/szl\/wp-content\/uploads\/2020\/10\/Slika-4-768x512.jpg 768w, https:\/\/ostanimozdravi.hr\/szl\/wp-content\/uploads\/2020\/10\/Slika-4-1536x1024.jpg 1536w, https:\/\/ostanimozdravi.hr\/szl\/wp-content\/uploads\/2020\/10\/Slika-4-2048x1365.jpg 2048w, https:\/\/ostanimozdravi.hr\/szl\/wp-content\/uploads\/2020\/10\/Slika-4-930x620.jpg 930w\" sizes=\"(max-width: 1024px) 100vw, 1024px\" \/>\t\t\t\t\t\t\t\t\t\t\t\t\t\t<\/div>\n\t\t\t\t\t\t<\/div>\n\t\t\t\t<\/div>\n\t\t\t\t\t\t<\/div>\n\t\t\t\t\t<\/div>\n\t\t<\/div>\n\t\t\t\t<div class=\"elementor-column elementor-col-50 elementor-inner-column elementor-element elementor-element-939e5a6\" data-id=\"939e5a6\" data-element_type=\"column\">\n\t\t\t<div class=\"elementor-column-wrap elementor-element-populated\">\n\t\t\t\t\t\t\t<div class=\"elementor-widget-wrap\">\n\t\t\t\t\t\t<div class=\"elementor-element elementor-element-56999a8 elementor-widget elementor-widget-image\" data-id=\"56999a8\" data-element_type=\"widget\" data-widget_type=\"image.default\">\n\t\t\t\t<div class=\"elementor-widget-container\">\n\t\t\t\t\t\t\t\t<div class=\"elementor-image\">\n\t\t\t\t\t\t\t\t\t\t\t\t<img loading=\"lazy\" decoding=\"async\" width=\"1024\" height=\"881\" src=\"https:\/\/ostanimozdravi.hr\/szl\/wp-content\/uploads\/2020\/10\/Slika-6-1024x881.jpg\" class=\"attachment-large size-large\" alt=\"\" srcset=\"https:\/\/ostanimozdravi.hr\/szl\/wp-content\/uploads\/2020\/10\/Slika-6-1024x881.jpg 1024w, https:\/\/ostanimozdravi.hr\/szl\/wp-content\/uploads\/2020\/10\/Slika-6-300x258.jpg 300w, https:\/\/ostanimozdravi.hr\/szl\/wp-content\/uploads\/2020\/10\/Slika-6-768x661.jpg 768w, https:\/\/ostanimozdravi.hr\/szl\/wp-content\/uploads\/2020\/10\/Slika-6-1536x1322.jpg 1536w, https:\/\/ostanimozdravi.hr\/szl\/wp-content\/uploads\/2020\/10\/Slika-6-2048x1762.jpg 2048w\" sizes=\"(max-width: 1024px) 100vw, 1024px\" \/>\t\t\t\t\t\t\t\t\t\t\t\t\t\t<\/div>\n\t\t\t\t\t\t<\/div>\n\t\t\t\t<\/div>\n\t\t\t\t<div class=\"elementor-element elementor-element-a0a3bec elementor-widget-divider--view-line elementor-widget elementor-widget-divider\" data-id=\"a0a3bec\" data-element_type=\"widget\" data-widget_type=\"divider.default\">\n\t\t\t\t<div class=\"elementor-widget-container\">\n\t\t\t\t\t<div class=\"elementor-divider\">\n\t\t\t<span class=\"elementor-divider-separator\">\n\t\t\t\t\t\t<\/span>\n\t\t<\/div>\n\t\t\t\t<\/div>\n\t\t\t\t<\/div>\n\t\t\t\t<div class=\"elementor-element elementor-element-af47d4b elementor-widget elementor-widget-heading\" data-id=\"af47d4b\" data-element_type=\"widget\" data-widget_type=\"heading.default\">\n\t\t\t\t<div class=\"elementor-widget-container\">\n\t\t\t<span class=\"elementor-heading-title elementor-size-default\">Polaznike se kroz te\u010daj poti\u010de na aktivan stav spram le\u0111a, poti\u010de i podu\u010dava samostalnom vje\u017ebanju, uklju\u010divanju jednostavnih vje\u017ebi u svakodnevicu, osvje\u0161tavaju se nepovoljna dr\u017eanja i obrasci pokreta, korigira se njihova \u0161tetna uvjerenja i pona\u0161anja vezana uz kri\u017eobolju, motivira ih se na aktivan \u017eivot.<\/span>\t\t<\/div>\n\t\t\t\t<\/div>\n\t\t\t\t\t\t<\/div>\n\t\t\t\t\t<\/div>\n\t\t<\/div>\n\t\t\t\t\t\t\t\t<\/div>\n\t\t\t\t\t<\/div>\n\t\t<\/section>\n\t\t\t\t<section class=\"elementor-section elementor-inner-section elementor-element elementor-element-bbe684c elementor-reverse-mobile elementor-section-boxed elementor-section-height-default elementor-section-height-default\" data-id=\"bbe684c\" data-element_type=\"section\">\n\t\t\t\t\t\t<div class=\"elementor-container elementor-column-gap-default\">\n\t\t\t\t\t\t\t<div class=\"elementor-row\">\n\t\t\t\t\t<div class=\"elementor-column elementor-col-50 elementor-inner-column elementor-element elementor-element-5c98155\" data-id=\"5c98155\" data-element_type=\"column\">\n\t\t\t<div class=\"elementor-column-wrap elementor-element-populated\">\n\t\t\t\t\t\t\t<div class=\"elementor-widget-wrap\">\n\t\t\t\t\t\t<div class=\"elementor-element elementor-element-f5be662 elementor-widget-divider--view-line elementor-widget elementor-widget-divider\" data-id=\"f5be662\" data-element_type=\"widget\" data-widget_type=\"divider.default\">\n\t\t\t\t<div class=\"elementor-widget-container\">\n\t\t\t\t\t<div class=\"elementor-divider\">\n\t\t\t<span class=\"elementor-divider-separator\">\n\t\t\t\t\t\t<\/span>\n\t\t<\/div>\n\t\t\t\t<\/div>\n\t\t\t\t<\/div>\n\t\t\t\t<div class=\"elementor-element elementor-element-52a927f elementor-widget elementor-widget-heading\" data-id=\"52a927f\" data-element_type=\"widget\" data-widget_type=\"heading.default\">\n\t\t\t\t<div class=\"elementor-widget-container\">\n\t\t\t<span class=\"elementor-heading-title elementor-size-default\">Polaznici dobivaju i besplatnu edukativnu bro\u0161uru kao podsjetnik i dodatni poticaj za zadr\u017eavanje novog aktivnog stava prema svojih le\u0111a.<\/span>\t\t<\/div>\n\t\t\t\t<\/div>\n\t\t\t\t<div class=\"elementor-element elementor-element-19f2009 elementor-widget elementor-widget-heading\" data-id=\"19f2009\" data-element_type=\"widget\" data-widget_type=\"heading.default\">\n\t\t\t\t<div class=\"elementor-widget-container\">\n\t\t\t<span class=\"elementor-heading-title elementor-size-default\">Te\u010dajeve \u0107e biti mogu\u0107e poha\u0111ati u ritmu jednom ili dvaput tjedno, sveukupno 8 dolazaka.<\/span>\t\t<\/div>\n\t\t\t\t<\/div>\n\t\t\t\t\t\t<\/div>\n\t\t\t\t\t<\/div>\n\t\t<\/div>\n\t\t\t\t<div class=\"elementor-column elementor-col-50 elementor-inner-column elementor-element elementor-element-4291048\" data-id=\"4291048\" data-element_type=\"column\">\n\t\t\t<div class=\"elementor-column-wrap elementor-element-populated\">\n\t\t\t\t\t\t\t<div class=\"elementor-widget-wrap\">\n\t\t\t\t\t\t<div class=\"elementor-element elementor-element-9923831 elementor-widget elementor-widget-image\" data-id=\"9923831\" data-element_type=\"widget\" data-widget_type=\"image.default\">\n\t\t\t\t<div class=\"elementor-widget-container\">\n\t\t\t\t\t\t\t\t<div class=\"elementor-image\">\n\t\t\t\t\t\t\t\t\t\t\t\t<img loading=\"lazy\" decoding=\"async\" width=\"1024\" height=\"683\" src=\"https:\/\/ostanimozdravi.hr\/szl\/wp-content\/uploads\/2020\/10\/Slika-12-1024x683.jpg\" class=\"attachment-large size-large\" alt=\"\" srcset=\"https:\/\/ostanimozdravi.hr\/szl\/wp-content\/uploads\/2020\/10\/Slika-12-1024x683.jpg 1024w, https:\/\/ostanimozdravi.hr\/szl\/wp-content\/uploads\/2020\/10\/Slika-12-300x200.jpg 300w, https:\/\/ostanimozdravi.hr\/szl\/wp-content\/uploads\/2020\/10\/Slika-12-768x512.jpg 768w, https:\/\/ostanimozdravi.hr\/szl\/wp-content\/uploads\/2020\/10\/Slika-12-1536x1024.jpg 1536w, https:\/\/ostanimozdravi.hr\/szl\/wp-content\/uploads\/2020\/10\/Slika-12-2048x1365.jpg 2048w, https:\/\/ostanimozdravi.hr\/szl\/wp-content\/uploads\/2020\/10\/Slika-12-930x620.jpg 930w\" sizes=\"(max-width: 1024px) 100vw, 1024px\" \/>\t\t\t\t\t\t\t\t\t\t\t\t\t\t<\/div>\n\t\t\t\t\t\t<\/div>\n\t\t\t\t<\/div>\n\t\t\t\t\t\t<\/div>\n\t\t\t\t\t<\/div>\n\t\t<\/div>\n\t\t\t\t\t\t\t\t<\/div>\n\t\t\t\t\t<\/div>\n\t\t<\/section>\n\t\t\t\t\t\t<\/div>\n\t\t\t\t\t<\/div>\n\t\t<\/div>\n\t\t\t\t\t\t\t\t<\/div>\n\t\t\t\t\t<\/div>\n\t\t<\/section>\n\t\t\t\t\t\t\t\t\t<\/div>\n\t\t\t<\/div>\n\t\t\t\t\t<\/div>\n\t\t","protected":false},"excerpt":{"rendered":"<p>TE\u010cAJEVI \u201e\u0160KOLA ZDRAVIH LE\u0110A\u201c FINANCIRANI SREDSTVIMA EU Te\u010dajevi Te\u010dajevi \u201e\u0160kola zdravih le\u0111a\u201c, po\u010dinju se odr\u017eavati u velja\u010di 2021. u dvorani u Ra\u010di\u0107evoj 5a (dvori\u0161na zgrada). Te\u010dajevi se sastoje od vje\u017ebanja s edukacijom u trajanju od 8&#215;60 min. u kojima \u0107e polaznici dobiti sve relevantne informacije o postupcima i vje\u017ebama kojima \u0107e smanjiti u\u010destalost recidiva kri\u017eobolje&hellip;&nbsp;<a href=\"https:\/\/ostanimozdravi.hr\/szl\/tecajevi\/\" class=\"\" rel=\"bookmark\">Read More &raquo;<span class=\"screen-reader-text\">Besplatni Te\u010dajevi<\/span><\/a><\/p>\n","protected":false},"author":1,"featured_media":0,"parent":0,"menu_order":0,"comment_status":"closed","ping_status":"closed","template":"page-templates\/template-pagebuilder-full-width.php","meta":{"neve_meta_sidebar":"full-width","neve_meta_container":"","neve_meta_enable_content_width":"on","neve_meta_content_width":100,"neve_meta_title_alignment":"","neve_meta_author_avatar":"","neve_post_elements_order":"","neve_meta_disable_header":"","neve_meta_disable_footer":"","neve_meta_disable_title":"","_ti_tpc_template_sync":false,"_ti_tpc_template_id":"","footnotes":""},"_links":{"self":[{"href":"https:\/\/ostanimozdravi.hr\/szl\/wp-json\/wp\/v2\/pages\/26"}],"collection":[{"href":"https:\/\/ostanimozdravi.hr\/szl\/wp-json\/wp\/v2\/pages"}],"about":[{"href":"https:\/\/ostanimozdravi.hr\/szl\/wp-json\/wp\/v2\/types\/page"}],"author":[{"embeddable":true,"href":"https:\/\/ostanimozdravi.hr\/szl\/wp-json\/wp\/v2\/users\/1"}],"replies":[{"embeddable":true,"href":"https:\/\/ostanimozdravi.hr\/szl\/wp-json\/wp\/v2\/comments?post=26"}],"version-history":[{"count":34,"href":"https:\/\/ostanimozdravi.hr\/szl\/wp-json\/wp\/v2\/pages\/26\/revisions"}],"predecessor-version":[{"id":372,"href":"https:\/\/ostanimozdravi.hr\/szl\/wp-json\/wp\/v2\/pages\/26\/revisions\/372"}],"wp:attachment":[{"href":"https:\/\/ostanimozdravi.hr\/szl\/wp-json\/wp\/v2\/media?parent=26"}],"curies":[{"name":"wp","href":"https:\/\/api.w.org\/{rel}","templated":true}]}}