{"id":137,"date":"2020-10-14T22:42:04","date_gmt":"2020-10-14T22:42:04","guid":{"rendered":"https:\/\/ostanimozdravi.hr\/szl\/?page_id=137"},"modified":"2020-11-27T19:48:44","modified_gmt":"2020-11-27T19:48:44","slug":"radionice","status":"publish","type":"page","link":"https:\/\/ostanimozdravi.hr\/szl\/radionice\/","title":{"rendered":"Besplatne Radionice"},"content":{"rendered":"\t\t<div data-elementor-type=\"wp-page\" data-elementor-id=\"137\" class=\"elementor elementor-137\">\n\t\t\t\t\t\t<div class=\"elementor-inner\">\n\t\t\t\t<div class=\"elementor-section-wrap\">\n\t\t\t\t\t\t\t\t\t<section class=\"elementor-section elementor-top-section elementor-element elementor-element-72ae790 elementor-section-height-min-height elementor-section-boxed elementor-section-height-default elementor-section-items-middle\" data-id=\"72ae790\" data-element_type=\"section\" data-settings=\"{&quot;background_background&quot;:&quot;gradient&quot;}\">\n\t\t\t\t\t\t\t<div class=\"elementor-background-overlay\"><\/div>\n\t\t\t\t\t\t\t<div class=\"elementor-container elementor-column-gap-default\">\n\t\t\t\t\t\t\t<div class=\"elementor-row\">\n\t\t\t\t\t<div class=\"elementor-column elementor-col-100 elementor-top-column elementor-element elementor-element-9d0101d\" data-id=\"9d0101d\" data-element_type=\"column\">\n\t\t\t<div class=\"elementor-column-wrap elementor-element-populated\">\n\t\t\t\t\t\t\t<div class=\"elementor-widget-wrap\">\n\t\t\t\t\t\t<section class=\"elementor-section elementor-inner-section elementor-element elementor-element-e5051e1 elementor-section-boxed elementor-section-height-default elementor-section-height-default\" data-id=\"e5051e1\" data-element_type=\"section\">\n\t\t\t\t\t\t<div class=\"elementor-container elementor-column-gap-default\">\n\t\t\t\t\t\t\t<div class=\"elementor-row\">\n\t\t\t\t\t<div class=\"elementor-column elementor-col-100 elementor-inner-column elementor-element elementor-element-aa0d45a\" data-id=\"aa0d45a\" data-element_type=\"column\">\n\t\t\t<div class=\"elementor-column-wrap elementor-element-populated\">\n\t\t\t\t\t\t\t<div class=\"elementor-widget-wrap\">\n\t\t\t\t\t\t<div class=\"elementor-element elementor-element-37f9c65 elementor-widget elementor-widget-text-editor\" data-id=\"37f9c65\" data-element_type=\"widget\" data-widget_type=\"text-editor.default\">\n\t\t\t\t<div class=\"elementor-widget-container\">\n\t\t\t\t\t\t\t\t<div class=\"elementor-text-editor elementor-clearfix\">\n\t\t\t\t<p><strong>JEDNOKRATNE RADIONICE ZA RADNO MJESTO <\/strong><\/p><p><strong>\u201e\u0160KOLA ZDRAVIH LE\u0110A\u201c<\/strong><\/p><p><strong>FINANCIRANE SREDSTVIMA EU<\/strong><\/p>\t\t\t\t\t<\/div>\n\t\t\t\t\t\t<\/div>\n\t\t\t\t<\/div>\n\t\t\t\t\t\t<\/div>\n\t\t\t\t\t<\/div>\n\t\t<\/div>\n\t\t\t\t\t\t\t\t<\/div>\n\t\t\t\t\t<\/div>\n\t\t<\/section>\n\t\t\t\t\t\t<\/div>\n\t\t\t\t\t<\/div>\n\t\t<\/div>\n\t\t\t\t\t\t\t\t<\/div>\n\t\t\t\t\t<\/div>\n\t\t<\/section>\n\t\t\t\t<section class=\"elementor-section elementor-top-section elementor-element elementor-element-73bc36e elementor-section-boxed elementor-section-height-default elementor-section-height-default\" data-id=\"73bc36e\" data-element_type=\"section\" data-settings=\"{&quot;background_background&quot;:&quot;classic&quot;}\">\n\t\t\t\t\t\t<div class=\"elementor-container elementor-column-gap-default\">\n\t\t\t\t\t\t\t<div class=\"elementor-row\">\n\t\t\t\t\t<div class=\"elementor-column elementor-col-100 elementor-top-column elementor-element elementor-element-e730fc2\" data-id=\"e730fc2\" data-element_type=\"column\">\n\t\t\t<div class=\"elementor-column-wrap elementor-element-populated\">\n\t\t\t\t\t\t\t<div class=\"elementor-widget-wrap\">\n\t\t\t\t\t\t<section class=\"elementor-section elementor-inner-section elementor-element elementor-element-8f638a7 elementor-reverse-mobile elementor-section-boxed elementor-section-height-default elementor-section-height-default\" data-id=\"8f638a7\" data-element_type=\"section\">\n\t\t\t\t\t\t<div class=\"elementor-container elementor-column-gap-default\">\n\t\t\t\t\t\t\t<div class=\"elementor-row\">\n\t\t\t\t\t<div class=\"elementor-column elementor-col-50 elementor-inner-column elementor-element elementor-element-e2e71a9\" data-id=\"e2e71a9\" data-element_type=\"column\">\n\t\t\t<div class=\"elementor-column-wrap elementor-element-populated\">\n\t\t\t\t\t\t\t<div class=\"elementor-widget-wrap\">\n\t\t\t\t\t\t<div class=\"elementor-element elementor-element-7ae8c7d elementor-widget elementor-widget-image\" data-id=\"7ae8c7d\" data-element_type=\"widget\" data-widget_type=\"image.default\">\n\t\t\t\t<div class=\"elementor-widget-container\">\n\t\t\t\t\t\t\t\t<div class=\"elementor-image\">\n\t\t\t\t\t\t\t\t\t\t\t\t<img loading=\"lazy\" decoding=\"async\" width=\"683\" height=\"1024\" src=\"https:\/\/ostanimozdravi.hr\/szl\/wp-content\/uploads\/2020\/10\/Slika-15-683x1024.jpg\" class=\"attachment-large size-large\" alt=\"\" srcset=\"https:\/\/ostanimozdravi.hr\/szl\/wp-content\/uploads\/2020\/10\/Slika-15-683x1024.jpg 683w, https:\/\/ostanimozdravi.hr\/szl\/wp-content\/uploads\/2020\/10\/Slika-15-200x300.jpg 200w, https:\/\/ostanimozdravi.hr\/szl\/wp-content\/uploads\/2020\/10\/Slika-15-768x1152.jpg 768w, https:\/\/ostanimozdravi.hr\/szl\/wp-content\/uploads\/2020\/10\/Slika-15-1024x1536.jpg 1024w, https:\/\/ostanimozdravi.hr\/szl\/wp-content\/uploads\/2020\/10\/Slika-15-1365x2048.jpg 1365w, https:\/\/ostanimozdravi.hr\/szl\/wp-content\/uploads\/2020\/10\/Slika-15-scaled.jpg 1706w\" sizes=\"(max-width: 683px) 100vw, 683px\" \/>\t\t\t\t\t\t\t\t\t\t\t\t\t\t<\/div>\n\t\t\t\t\t\t<\/div>\n\t\t\t\t<\/div>\n\t\t\t\t<div class=\"elementor-element elementor-element-af38c75 elementor-widget-divider--view-line elementor-widget elementor-widget-divider\" data-id=\"af38c75\" data-element_type=\"widget\" data-widget_type=\"divider.default\">\n\t\t\t\t<div class=\"elementor-widget-container\">\n\t\t\t\t\t<div class=\"elementor-divider\">\n\t\t\t<span class=\"elementor-divider-separator\">\n\t\t\t\t\t\t<\/span>\n\t\t<\/div>\n\t\t\t\t<\/div>\n\t\t\t\t<\/div>\n\t\t\t\t<div class=\"elementor-element elementor-element-52a927f elementor-widget elementor-widget-heading\" data-id=\"52a927f\" data-element_type=\"widget\" data-widget_type=\"heading.default\">\n\t\t\t\t<div class=\"elementor-widget-container\">\n\t\t\t<span class=\"elementor-heading-title elementor-size-default\">Svi polaznici dobivaju besplatnu bro\u0161uru s osnovnim vje\u017ebama izvedivim na radnom mjestu.<\/span>\t\t<\/div>\n\t\t\t\t<\/div>\n\t\t\t\t\t\t<\/div>\n\t\t\t\t\t<\/div>\n\t\t<\/div>\n\t\t\t\t<div class=\"elementor-column elementor-col-50 elementor-inner-column elementor-element elementor-element-939e5a6\" data-id=\"939e5a6\" data-element_type=\"column\">\n\t\t\t<div class=\"elementor-column-wrap elementor-element-populated\">\n\t\t\t\t\t\t\t<div class=\"elementor-widget-wrap\">\n\t\t\t\t\t\t<div class=\"elementor-element elementor-element-e2fee78 elementor-widget elementor-widget-heading\" data-id=\"e2fee78\" data-element_type=\"widget\" data-widget_type=\"heading.default\">\n\t\t\t\t<div class=\"elementor-widget-container\">\n\t\t\t<h3 class=\"elementor-heading-title elementor-size-default\">Radionice<\/h3>\t\t<\/div>\n\t\t\t\t<\/div>\n\t\t\t\t<div class=\"elementor-element elementor-element-fa8b4b2 elementor-widget-divider--view-line elementor-widget elementor-widget-divider\" data-id=\"fa8b4b2\" data-element_type=\"widget\" data-widget_type=\"divider.default\">\n\t\t\t\t<div class=\"elementor-widget-container\">\n\t\t\t\t\t<div class=\"elementor-divider\">\n\t\t\t<span class=\"elementor-divider-separator\">\n\t\t\t\t\t\t<\/span>\n\t\t<\/div>\n\t\t\t\t<\/div>\n\t\t\t\t<\/div>\n\t\t\t\t<div class=\"elementor-element elementor-element-2605327 elementor-widget elementor-widget-heading\" data-id=\"2605327\" data-element_type=\"widget\" data-widget_type=\"heading.default\">\n\t\t\t\t<div class=\"elementor-widget-container\">\n\t\t\t<span class=\"elementor-heading-title elementor-size-default\">Pozivaju se firme s djelatnicima izlo\u017eenim ve\u0107em riziku bolnih le\u0111a radi uvjeta rada (dugotrajno monotono sjedenje za kompjuterom, ponavljaju\u0107e sagibanje i odizanje predmeta\/ljudi, veliki pritisak posla koji mo\u017ee rezultirati kroni\u010dnim stresom) da organiziraju svojim djelatnicima kratkotrajne radionice s osnovnim informacijama i vje\u017ebama na radnom mjestu, kojima mogu umanjiti negativne u\u010dinke radnog mjesta na kralje\u017enicu i smanjiti u\u010destalost bolnih le\u0111a.<\/span>\t\t<\/div>\n\t\t\t\t<\/div>\n\t\t\t\t<div class=\"elementor-element elementor-element-a0a3bec elementor-widget-divider--view-line elementor-widget elementor-widget-divider\" data-id=\"a0a3bec\" data-element_type=\"widget\" data-widget_type=\"divider.default\">\n\t\t\t\t<div class=\"elementor-widget-container\">\n\t\t\t\t\t<div class=\"elementor-divider\">\n\t\t\t<span class=\"elementor-divider-separator\">\n\t\t\t\t\t\t<\/span>\n\t\t<\/div>\n\t\t\t\t<\/div>\n\t\t\t\t<\/div>\n\t\t\t\t<div class=\"elementor-element elementor-element-af47d4b elementor-widget elementor-widget-heading\" data-id=\"af47d4b\" data-element_type=\"widget\" data-widget_type=\"heading.default\">\n\t\t\t\t<div class=\"elementor-widget-container\">\n\t\t\t<span class=\"elementor-heading-title elementor-size-default\">Radionice \u0161kole le\u0111a za radno mjesto organiziraju se jednokratno u trajanju od 90 minuta u prostoru firme za 10 do 15 polaznika.<\/span>\t\t<\/div>\n\t\t\t\t<\/div>\n\t\t\t\t<div class=\"elementor-element elementor-element-80a574b elementor-widget elementor-widget-image\" data-id=\"80a574b\" data-element_type=\"widget\" data-widget_type=\"image.default\">\n\t\t\t\t<div class=\"elementor-widget-container\">\n\t\t\t\t\t\t\t\t<div class=\"elementor-image\">\n\t\t\t\t\t\t\t\t\t\t\t\t<img loading=\"lazy\" decoding=\"async\" width=\"1024\" height=\"683\" src=\"https:\/\/ostanimozdravi.hr\/szl\/wp-content\/uploads\/2020\/10\/Slika-3-1024x683.jpg\" class=\"attachment-large size-large\" alt=\"\" srcset=\"https:\/\/ostanimozdravi.hr\/szl\/wp-content\/uploads\/2020\/10\/Slika-3-1024x683.jpg 1024w, https:\/\/ostanimozdravi.hr\/szl\/wp-content\/uploads\/2020\/10\/Slika-3-300x200.jpg 300w, https:\/\/ostanimozdravi.hr\/szl\/wp-content\/uploads\/2020\/10\/Slika-3-768x512.jpg 768w, https:\/\/ostanimozdravi.hr\/szl\/wp-content\/uploads\/2020\/10\/Slika-3-1536x1024.jpg 1536w, https:\/\/ostanimozdravi.hr\/szl\/wp-content\/uploads\/2020\/10\/Slika-3-2048x1365.jpg 2048w, https:\/\/ostanimozdravi.hr\/szl\/wp-content\/uploads\/2020\/10\/Slika-3-930x620.jpg 930w\" sizes=\"(max-width: 1024px) 100vw, 1024px\" \/>\t\t\t\t\t\t\t\t\t\t\t\t\t\t<\/div>\n\t\t\t\t\t\t<\/div>\n\t\t\t\t<\/div>\n\t\t\t\t\t\t<\/div>\n\t\t\t\t\t<\/div>\n\t\t<\/div>\n\t\t\t\t\t\t\t\t<\/div>\n\t\t\t\t\t<\/div>\n\t\t<\/section>\n\t\t\t\t\t\t<\/div>\n\t\t\t\t\t<\/div>\n\t\t<\/div>\n\t\t\t\t\t\t\t\t<\/div>\n\t\t\t\t\t<\/div>\n\t\t<\/section>\n\t\t\t\t\t\t\t\t\t<\/div>\n\t\t\t<\/div>\n\t\t\t\t\t<\/div>\n\t\t","protected":false},"excerpt":{"rendered":"<p>JEDNOKRATNE RADIONICE ZA RADNO MJESTO \u201e\u0160KOLA ZDRAVIH LE\u0110A\u201c FINANCIRANE SREDSTVIMA EU Svi polaznici dobivaju besplatnu bro\u0161uru s osnovnim vje\u017ebama izvedivim na radnom mjestu. Radionice Pozivaju se firme s djelatnicima izlo\u017eenim ve\u0107em riziku bolnih le\u0111a radi uvjeta rada (dugotrajno monotono sjedenje za kompjuterom, ponavljaju\u0107e sagibanje i odizanje predmeta\/ljudi, veliki pritisak posla koji mo\u017ee rezultirati kroni\u010dnim stresom)&hellip;&nbsp;<a href=\"https:\/\/ostanimozdravi.hr\/szl\/radionice\/\" class=\"\" rel=\"bookmark\">Read More &raquo;<span class=\"screen-reader-text\">Besplatne Radionice<\/span><\/a><\/p>\n","protected":false},"author":1,"featured_media":0,"parent":0,"menu_order":0,"comment_status":"closed","ping_status":"closed","template":"page-templates\/template-pagebuilder-full-width.php","meta":{"neve_meta_sidebar":"full-width","neve_meta_container":"","neve_meta_enable_content_width":"on","neve_meta_content_width":100,"neve_meta_title_alignment":"","neve_meta_author_avatar":"","neve_post_elements_order":"","neve_meta_disable_header":"","neve_meta_disable_footer":"","neve_meta_disable_title":"","_ti_tpc_template_sync":false,"_ti_tpc_template_id":"","footnotes":""},"_links":{"self":[{"href":"https:\/\/ostanimozdravi.hr\/szl\/wp-json\/wp\/v2\/pages\/137"}],"collection":[{"href":"https:\/\/ostanimozdravi.hr\/szl\/wp-json\/wp\/v2\/pages"}],"about":[{"href":"https:\/\/ostanimozdravi.hr\/szl\/wp-json\/wp\/v2\/types\/page"}],"author":[{"embeddable":true,"href":"https:\/\/ostanimozdravi.hr\/szl\/wp-json\/wp\/v2\/users\/1"}],"replies":[{"embeddable":true,"href":"https:\/\/ostanimozdravi.hr\/szl\/wp-json\/wp\/v2\/comments?post=137"}],"version-history":[{"count":29,"href":"https:\/\/ostanimozdravi.hr\/szl\/wp-json\/wp\/v2\/pages\/137\/revisions"}],"predecessor-version":[{"id":395,"href":"https:\/\/ostanimozdravi.hr\/szl\/wp-json\/wp\/v2\/pages\/137\/revisions\/395"}],"wp:attachment":[{"href":"https:\/\/ostanimozdravi.hr\/szl\/wp-json\/wp\/v2\/media?parent=137"}],"curies":[{"name":"wp","href":"https:\/\/api.w.org\/{rel}","templated":true}]}}