{"id":13,"date":"2018-09-10T12:48:22","date_gmt":"2018-09-10T12:48:22","guid":{"rendered":"http:\/\/law-firm.bold-themes.com\/master-import\/?page_id=13"},"modified":"2023-04-04T15:59:44","modified_gmt":"2023-04-04T15:59:44","slug":"kontakt","status":"publish","type":"page","link":"https:\/\/ostanimozdravi.hr\/desetpodeset\/o-projektu\/kontakt\/","title":{"rendered":"Kontakt"},"content":{"rendered":"<section id=\"bt_bb_section69fc9d25a47c0\" class=\"bt_bb_section bt_bb_color_scheme_1 bt_bb_layout_boxed_1200 bt_bb_vertical_align_top bt_bb_top_spacing_large bt_bb_bottom_spacing_large\" style=\"; --section-primary-color:#ffffff; --section-secondary-color:#1d1e21;\" data-bt-override-class=\"null\"><div class=\"bt_bb_background_image_holder_wrapper\"><div class=\"bt_bb_background_image_holder btLazyLoadBackground bt_bb_parallax\"  data-background_image_src=\"https:\/\/ostanimozdravi.hr\/desetpodeset\/wp-content\/uploads\/2023\/03\/top-view-of-countryside-road-passing-through-the-g-2023-01-18-04-39-17-utc-scaled.jpg\" data-parallax=\"0.6\" data-parallax-offset=\"0\" data-parallax-zoom-start=\"1\" data-parallax-zoom-end=\"1\" data-parallax-blur-start=\"0\" data-parallax-blur-end=\"0\" data-parallax-opacity-start=\"1\" data-parallax-opacity-end=\"1\" style=\" background-image: url(&#039;https:\/\/ostanimozdravi.hr\/desetpodeset\/wp-content\/plugins\/bold-page-builder\/img\/blank.gif&#039;);\"><\/div><\/div><div class=\"bt_bb_port\"><div class=\"bt_bb_cell\"><div class=\"bt_bb_cell_inner\"><div class=\"bt_bb_row_wrapper\"><div  class=\"bt_bb_row\"  data-bt-override-class=\"{}\"><div  class=\"bt_bb_column col-xxl-6 col-xl-6 col-xs-12 col-sm-12 col-md-12 col-lg-6 bt_bb_vertical_align_middle bt_bb_align_left bt_bb_padding_normal bt_bb_animation_fade_in animate\"  data-width=\"6\" data-bt-override-class=\"{&quot;bt_bb_align_&quot;:{&quot;current_class&quot;:&quot;bt_bb_align_left&quot;,&quot;xxl&quot;:&quot;left&quot;,&quot;xl&quot;:&quot;left&quot;}}\"><div class=\"bt_bb_column_content\"><div class=\"bt_bb_column_content_inner\"><div class=\"bt_bb_separator bt_bb_border_style_none bt_bb_bottom_spacing_medium bt_bb_hidden_xs bt_bb_hidden_ms bt_bb_hidden_sm\" data-bt-override-class=\"null\"><\/div><header class=\"bt_bb_headline bt_bb_subheadline_text_transform_default bt_bb_dash_none bt_bb_subheadline bt_bb_size_extralarge bt_bb_align_inherit\" data-bt-override-class=\"{&quot;bt_bb_size_&quot;:{&quot;current_class&quot;:&quot;bt_bb_size_extralarge&quot;,&quot;xxl&quot;:&quot;extralarge&quot;,&quot;xl&quot;:&quot;extralarge&quot;},&quot;bt_bb_align_&quot;:{&quot;current_class&quot;:&quot;bt_bb_align_inherit&quot;,&quot;xxl&quot;:&quot;inherit&quot;,&quot;xl&quot;:&quot;inherit&quot;}}\"><h2 class=\"bt_bb_headline_tag\"><span class=\"bt_bb_headline_content\"><span>Kontakt<\/span><\/span><\/h2><div class=\"bt_bb_headline_subheadline\">Na ovoj stranici nalaze se kontakt podaci za obe udruge koje su sudjelovanje u provo\u0111enju ovog projekta<\/div><\/header><\/div><\/div><\/div><div  class=\"bt_bb_column col-xxl-6 col-xl-6 col-xs-12 col-sm-12 col-md-12 col-lg-6 bt_bb_vertical_align_top bt_bb_align_left bt_bb_padding_normal\"  data-width=\"6\" data-bt-override-class=\"{}\"><div class=\"bt_bb_column_content\"><div class=\"bt_bb_column_content_inner\"><\/div><\/div><\/div><\/div><\/div><\/div><!-- cell_inner --><\/div><!-- cell --><\/div><!-- port --><\/section><section id=\"bt_bb_section69fc9d25a4cda\" class=\"bt_bb_section bt_bb_color_scheme_4 bt_bb_layout_boxed_1200 bt_bb_vertical_align_top bt_bb_bottom_section_coverage_image bt_bb_section_with_bottom_coverage_image bt_bb_top_spacing_medium bt_bb_bottom_spacing_large\" style=\"; --section-primary-color:var(--accent-color); --section-secondary-color:#ffffff;;background-color:rgb(252,245,231);\" data-bt-override-class=\"{&quot;bt_bb_top_spacing_&quot;:{&quot;current_class&quot;:&quot;bt_bb_top_spacing_medium&quot;,&quot;xxl&quot;:&quot;medium&quot;,&quot;xl&quot;:&quot;medium&quot;},&quot;bt_bb_bottom_spacing_&quot;:{&quot;current_class&quot;:&quot;bt_bb_bottom_spacing_large&quot;,&quot;xxl&quot;:&quot;large&quot;,&quot;xl&quot;:&quot;large&quot;}}\"><div class=\"bt_bb_port\"><div class=\"bt_bb_cell\"><div class=\"bt_bb_cell_inner\"><div class=\"bt_bb_row_wrapper\"><div  class=\"bt_bb_row\"  data-bt-override-class=\"{}\"><div  class=\"bt_bb_column col-xxl-6 col-xl-6 col-xs-12 col-sm-12 col-md-12 col-lg-6 bt_bb_vertical_align_top bt_bb_align_left bt_bb_padding_50 bt_bb_animation_fade_in animate bt_bb_shape_hard-rounded bt_bb_top_left_shape bt_bb_top_right_shape bt_bb_bottom_left_shape bt_bb_bottom_right_shape bt_bb_shape_position_inner\"  data-width=\"6\" data-bt-override-class=\"{&quot;bt_bb_align_&quot;:{&quot;current_class&quot;:&quot;bt_bb_align_left&quot;,&quot;xxl&quot;:&quot;left&quot;,&quot;xl&quot;:&quot;left&quot;}}\"><div class=\"bt_bb_column_content\" style=\"background-color:rgb(242,242,242);\"><div class=\"bt_bb_column_content_inner\"><div class=\"bt_bb_floating_image bt_bb_floating_image_horizontal_position_default bt_bb_floating_image_vertical_position_middle bt_bb_floating_image_animation_delay_default bt_bb_floating_image_animation_duration_default bt_bb_floating_image_animation_style_ease_out\" data-speed=\"1.0\" data-direction=\"\" ><div class=\"bt_bb_floating_image_image\" data-speed=\"1.0\" data-direction=\"\" ><div class=\"bt_bb_image\" data-bt-override-class=\"{}\"><span><img loading=\"lazy\" decoding=\"async\" width=\"300\" height=\"104\" src=\"https:\/\/ostanimozdravi.hr\/desetpodeset\/wp-content\/uploads\/2023\/02\/logo2-white2-1.png\" class=\"attachment-full size-full\" alt=\"https:\/\/ostanimozdravi.hr\/desetpodeset\/wp-content\/uploads\/2023\/02\/logo2-white2-1.png\" data-full_image_src=\"https:\/\/ostanimozdravi.hr\/desetpodeset\/wp-content\/uploads\/2023\/02\/logo2-white2-1.png\" title=\"logo2-white2-1\" \/><\/span><\/div><\/div><\/div><\/div><\/div><\/div><div  class=\"bt_bb_column col-xxl-6 col-xl-6 col-xs-12 col-sm-12 col-md-12 col-lg-6 bt_bb_vertical_align_middle bt_bb_align_left bt_bb_padding_normal bt_bb_animation_fade_in animate\"  data-width=\"6\" data-bt-override-class=\"{&quot;bt_bb_align_&quot;:{&quot;current_class&quot;:&quot;bt_bb_align_left&quot;,&quot;xxl&quot;:&quot;left&quot;,&quot;xl&quot;:&quot;left&quot;}}\"><div class=\"bt_bb_column_content\"><div class=\"bt_bb_column_content_inner\"><header class=\"bt_bb_headline bt_bb_subheadline_text_transform_default bt_bb_dash_none bt_bb_subheadline bt_bb_size_large bt_bb_align_inherit\" style=\"max-width: 400px;\" data-bt-override-class=\"{&quot;bt_bb_size_&quot;:{&quot;current_class&quot;:&quot;bt_bb_size_large&quot;,&quot;xxl&quot;:&quot;large&quot;,&quot;xl&quot;:&quot;large&quot;},&quot;bt_bb_align_&quot;:{&quot;current_class&quot;:&quot;bt_bb_align_inherit&quot;,&quot;xxl&quot;:&quot;inherit&quot;,&quot;xl&quot;:&quot;inherit&quot;}}\"><h2 class=\"bt_bb_headline_tag\"><span class=\"bt_bb_headline_content\"><span>Udruga ATARAKSIJA<\/span><\/span><\/h2><div class=\"bt_bb_headline_subheadline\">Svrha ove udruge povezana je s pojmom Ataraksija. Ataraksija je starogr\u010dka rije\u010d koja zna\u010di osje\u0107aj smirenosti. (prefix \u201ca-\u201d zna\u010di negaciju, i tarasein, \u0161to zna\u010di uznemiravati).<\/div><\/header><div class=\"bt_bb_separator bt_bb_border_style_none bt_bb_bottom_spacing_medium\" data-bt-override-class=\"null\"><\/div><div class=\"bt_bb_button bt_bb_color_scheme_4 bt_bb_icon_position_left bt_bb_style_outline bt_bb_size_medium bt_bb_width_inline bt_bb_shape_inherit bt_bb_target_blank bt_bb_text_transform_inherit bt_bb_align_inherit\" style=\"; --primary-color:var(--accent-color); --secondary-color:#ffffff;\" data-bt-override-class=\"{&quot;bt_bb_size_&quot;:{&quot;current_class&quot;:&quot;bt_bb_size_medium&quot;,&quot;xxl&quot;:&quot;medium&quot;,&quot;xl&quot;:&quot;medium&quot;},&quot;bt_bb_align_&quot;:{&quot;current_class&quot;:&quot;bt_bb_align_inherit&quot;,&quot;xxl&quot;:&quot;inherit&quot;,&quot;xl&quot;:&quot;inherit&quot;}}\"><a href=\"https:\/\/ataraksija.hr\/\" target=\"_blank\" class=\"bt_bb_link\" title=\"Posjeti stranicu udruge\"><span class=\"bt_bb_button_text\" >Posjeti stranicu udruge<\/span><\/a><\/div><\/div><\/div><\/div><\/div><\/div><\/div><!-- cell_inner --><\/div><!-- cell --><\/div><!-- port --><div class=\"bt_bb_section_bottom_section_coverage_image\"><img decoding=\"async\" src=\"https:\/\/ostanimozdravi.hr\/desetpodeset\/wp-content\/uploads\/2021\/08\/yellow_bottom_wave_01.png\" alt=\"bt_bb_section_bottom_section_coverage_image\" \/><\/div><\/section><section id=\"bt_bb_section69fc9d25a5563\" class=\"bt_bb_section bt_bb_color_scheme_4 bt_bb_layout_boxed_1200 bt_bb_vertical_align_top bt_bb_top_section_coverage_image bt_bb_section_with_top_coverage_image bt_bb_top_spacing_medium bt_bb_bottom_spacing_large\" style=\"; --section-primary-color:var(--accent-color); --section-secondary-color:#ffffff;\" data-bt-override-class=\"{&quot;bt_bb_top_spacing_&quot;:{&quot;current_class&quot;:&quot;bt_bb_top_spacing_medium&quot;,&quot;xxl&quot;:&quot;medium&quot;,&quot;xl&quot;:&quot;medium&quot;},&quot;bt_bb_bottom_spacing_&quot;:{&quot;current_class&quot;:&quot;bt_bb_bottom_spacing_large&quot;,&quot;xxl&quot;:&quot;large&quot;,&quot;xl&quot;:&quot;large&quot;}}\"><div class=\"bt_bb_port\"><div class=\"bt_bb_cell\"><div class=\"bt_bb_cell_inner\"><div class=\"bt_bb_row_wrapper\"><div  class=\"bt_bb_row\"  data-bt-override-class=\"{}\"><div  class=\"bt_bb_column col-xxl-6 col-xl-6 col-xs-12 col-sm-12 col-md-12 col-lg-6 bt_bb_vertical_align_middle bt_bb_align_left bt_bb_padding_normal bt_bb_animation_fade_in animate\"  data-width=\"6\" data-bt-override-class=\"{&quot;bt_bb_align_&quot;:{&quot;current_class&quot;:&quot;bt_bb_align_left&quot;,&quot;xxl&quot;:&quot;left&quot;,&quot;xl&quot;:&quot;left&quot;}}\"><div class=\"bt_bb_column_content\"><div class=\"bt_bb_column_content_inner\"><div class=\"bt_bb_separator bt_bb_border_style_none bt_bb_bottom_spacing_medium\" data-bt-override-class=\"null\"><\/div><header class=\"bt_bb_headline bt_bb_subheadline_text_transform_default bt_bb_dash_none bt_bb_subheadline bt_bb_size_large bt_bb_align_inherit\" style=\"max-width: 400px;\" data-bt-override-class=\"{&quot;bt_bb_size_&quot;:{&quot;current_class&quot;:&quot;bt_bb_size_large&quot;,&quot;xxl&quot;:&quot;large&quot;,&quot;xl&quot;:&quot;large&quot;},&quot;bt_bb_align_&quot;:{&quot;current_class&quot;:&quot;bt_bb_align_inherit&quot;,&quot;xxl&quot;:&quot;inherit&quot;,&quot;xl&quot;:&quot;inherit&quot;}}\"><h2 class=\"bt_bb_headline_tag\"><span class=\"bt_bb_headline_content\"><span>Udruga #OstanimoZdravi<\/span><\/span><\/h2><div class=\"bt_bb_headline_subheadline\">Udruga za poticanje zdravih \u017eivotnih navika #ostanimozdravi, osnovana je radi \u0161irenja svijesti o va\u017enosti prihva\u0107anja zdravih \u017eivotnih stilova i radi podr\u0161ke i edukacije u tom procesu.<\/div><\/header><div class=\"bt_bb_separator bt_bb_border_style_none bt_bb_bottom_spacing_medium\" data-bt-override-class=\"null\"><\/div><div class=\"bt_bb_button bt_bb_color_scheme_4 bt_bb_icon_position_left bt_bb_style_outline bt_bb_size_medium bt_bb_width_inline bt_bb_shape_inherit bt_bb_target_blank bt_bb_text_transform_inherit bt_bb_align_inherit\" style=\"; --primary-color:var(--accent-color); --secondary-color:#ffffff;\" data-bt-override-class=\"{&quot;bt_bb_size_&quot;:{&quot;current_class&quot;:&quot;bt_bb_size_medium&quot;,&quot;xxl&quot;:&quot;medium&quot;,&quot;xl&quot;:&quot;medium&quot;},&quot;bt_bb_align_&quot;:{&quot;current_class&quot;:&quot;bt_bb_align_inherit&quot;,&quot;xxl&quot;:&quot;inherit&quot;,&quot;xl&quot;:&quot;inherit&quot;}}\"><a href=\"https:\/\/ostanimozdravi.hr\/\" target=\"_blank\" class=\"bt_bb_link\" title=\"Posjeti stranicu udruge\"><span class=\"bt_bb_button_text\" >Posjeti stranicu udruge<\/span><\/a><\/div><\/div><\/div><\/div><div  class=\"bt_bb_column col-xxl-6 col-xl-6 col-xs-12 col-sm-12 col-md-12 col-lg-6 bt_bb_vertical_align_top bt_bb_align_left bt_bb_padding_50 bt_bb_animation_fade_in animate bt_bb_shape_hard-rounded bt_bb_top_left_shape bt_bb_top_right_shape bt_bb_bottom_left_shape bt_bb_bottom_right_shape bt_bb_shape_position_inner\"  data-width=\"6\" data-bt-override-class=\"{&quot;bt_bb_align_&quot;:{&quot;current_class&quot;:&quot;bt_bb_align_left&quot;,&quot;xxl&quot;:&quot;left&quot;,&quot;xl&quot;:&quot;left&quot;}}\"><div class=\"bt_bb_column_content\" style=\"background-color:rgb(242,242,242);\"><div class=\"bt_bb_column_content_inner\"><div class=\"bt_bb_floating_image bt_bb_floating_image_horizontal_position_default bt_bb_floating_image_vertical_position_middle bt_bb_floating_image_animation_delay_default bt_bb_floating_image_animation_duration_default bt_bb_floating_image_animation_style_ease_out\" data-speed=\"1.0\" data-direction=\"\" ><div class=\"bt_bb_floating_image_image\" data-speed=\"1.0\" data-direction=\"\" ><div class=\"bt_bb_image\" data-bt-override-class=\"{}\"><span><img loading=\"lazy\" decoding=\"async\" width=\"422\" height=\"191\" src=\"https:\/\/ostanimozdravi.hr\/desetpodeset\/wp-content\/uploads\/2023\/02\/ostanimo-zdravi-logo.png\" class=\"attachment-full size-full\" alt=\"https:\/\/ostanimozdravi.hr\/desetpodeset\/wp-content\/uploads\/2023\/02\/ostanimo-zdravi-logo.png\" data-full_image_src=\"https:\/\/ostanimozdravi.hr\/desetpodeset\/wp-content\/uploads\/2023\/02\/ostanimo-zdravi-logo.png\" title=\"ostanimo-zdravi-logo\" srcset=\"https:\/\/ostanimozdravi.hr\/desetpodeset\/wp-content\/uploads\/2023\/02\/ostanimo-zdravi-logo.png 422w, https:\/\/ostanimozdravi.hr\/desetpodeset\/wp-content\/uploads\/2023\/02\/ostanimo-zdravi-logo-320x145.png 320w\" sizes=\"(max-width: 422px) 100vw, 422px\" \/><\/span><\/div><\/div><\/div><\/div><\/div><\/div><\/div><\/div><\/div><!-- cell_inner --><\/div><!-- cell --><\/div><!-- port --><div class=\"bt_bb_section_top_section_coverage_image\"><img decoding=\"async\" src=\"https:\/\/ostanimozdravi.hr\/desetpodeset\/wp-content\/uploads\/2021\/08\/yellow_top_wave_01.png\" alt=\"bt_bb_section_top_section_coverage_image\" \/><\/div><\/section>","protected":false},"excerpt":{"rendered":"","protected":false},"author":2,"featured_media":0,"parent":11,"menu_order":0,"comment_status":"closed","ping_status":"closed","template":"","meta":{"om_disable_all_campaigns":false,"_monsterinsights_skip_tracking":false,"_monsterinsights_sitenote_active":false,"_monsterinsights_sitenote_note":"","_monsterinsights_sitenote_category":0,"footnotes":""},"aioseo_notices":[],"_links":{"self":[{"href":"https:\/\/ostanimozdravi.hr\/desetpodeset\/wp-json\/wp\/v2\/pages\/13"}],"collection":[{"href":"https:\/\/ostanimozdravi.hr\/desetpodeset\/wp-json\/wp\/v2\/pages"}],"about":[{"href":"https:\/\/ostanimozdravi.hr\/desetpodeset\/wp-json\/wp\/v2\/types\/page"}],"author":[{"embeddable":true,"href":"https:\/\/ostanimozdravi.hr\/desetpodeset\/wp-json\/wp\/v2\/users\/2"}],"replies":[{"embeddable":true,"href":"https:\/\/ostanimozdravi.hr\/desetpodeset\/wp-json\/wp\/v2\/comments?post=13"}],"version-history":[{"count":25,"href":"https:\/\/ostanimozdravi.hr\/desetpodeset\/wp-json\/wp\/v2\/pages\/13\/revisions"}],"predecessor-version":[{"id":3364,"href":"https:\/\/ostanimozdravi.hr\/desetpodeset\/wp-json\/wp\/v2\/pages\/13\/revisions\/3364"}],"up":[{"embeddable":true,"href":"https:\/\/ostanimozdravi.hr\/desetpodeset\/wp-json\/wp\/v2\/pages\/11"}],"wp:attachment":[{"href":"https:\/\/ostanimozdravi.hr\/desetpodeset\/wp-json\/wp\/v2\/media?parent=13"}],"curies":[{"name":"wp","href":"https:\/\/api.w.org\/{rel}","templated":true}]}}