{"id":11,"date":"2018-09-10T12:47:51","date_gmt":"2018-09-10T12:47:51","guid":{"rendered":"http:\/\/law-firm.bold-themes.com\/master-import\/?page_id=11"},"modified":"2023-04-07T01:55:32","modified_gmt":"2023-04-07T01:55:32","slug":"o-projektu","status":"publish","type":"page","link":"https:\/\/ostanimozdravi.hr\/desetpodeset\/o-projektu\/","title":{"rendered":"O projektu"},"content":{"rendered":"<section id=\"bt_bb_section69fc9d058635b\" class=\"bt_bb_section bt_bb_color_scheme_1 bt_bb_layout_boxed_1200 bt_bb_vertical_align_top bt_bb_bottom_section_coverage_image bt_bb_section_with_bottom_coverage_image bt_bb_top_spacing_large bt_bb_bottom_spacing_normal\" style=\"; --section-primary-color:#ffffff; --section-secondary-color:#1d1e21;\" data-bt-override-class=\"null\"><div class=\"bt_bb_background_image_holder_wrapper\"><div class=\"bt_bb_background_image_holder btLazyLoadBackground bt_bb_parallax\"  data-background_image_src=\"https:\/\/ostanimozdravi.hr\/desetpodeset\/wp-content\/uploads\/2023\/03\/top-view-of-countryside-road-passing-through-the-g-2023-01-18-04-39-17-utc-scaled.jpg\" data-parallax=\"0.6\" data-parallax-offset=\"0\" data-parallax-zoom-start=\"1\" data-parallax-zoom-end=\"1\" data-parallax-blur-start=\"0\" data-parallax-blur-end=\"0\" data-parallax-opacity-start=\"1\" data-parallax-opacity-end=\"1\" style=\" background-image: url(&#039;https:\/\/ostanimozdravi.hr\/desetpodeset\/wp-content\/plugins\/bold-page-builder\/img\/blank.gif&#039;);\"><\/div><\/div><div class=\"bt_bb_port\"><div class=\"bt_bb_cell\"><div class=\"bt_bb_cell_inner\"><div class=\"bt_bb_row_wrapper\"><div  class=\"bt_bb_row\"  data-bt-override-class=\"{}\"><div  class=\"bt_bb_column col-xxl-6 col-xl-6 col-xs-12 col-sm-6 col-md-6 col-lg-6 bt_bb_vertical_align_middle bt_bb_align_left bt_bb_padding_normal bt_bb_animation_fade_in animate\"  data-width=\"6\" data-bt-override-class=\"{&quot;bt_bb_align_&quot;:{&quot;current_class&quot;:&quot;bt_bb_align_left&quot;,&quot;xxl&quot;:&quot;left&quot;,&quot;xl&quot;:&quot;left&quot;}}\"><div class=\"bt_bb_column_content\"><div class=\"bt_bb_column_content_inner\"><div class=\"bt_bb_separator bt_bb_border_style_none bt_bb_bottom_spacing_medium bt_bb_hidden_xs bt_bb_hidden_ms bt_bb_hidden_sm\" data-bt-override-class=\"null\"><\/div><header class=\"bt_bb_headline bt_bb_subheadline_text_transform_default bt_bb_dash_none bt_bb_size_extralarge bt_bb_align_inherit\" data-bt-override-class=\"{&quot;bt_bb_size_&quot;:{&quot;current_class&quot;:&quot;bt_bb_size_extralarge&quot;,&quot;xxl&quot;:&quot;extralarge&quot;,&quot;xl&quot;:&quot;extralarge&quot;},&quot;bt_bb_align_&quot;:{&quot;current_class&quot;:&quot;bt_bb_align_inherit&quot;,&quot;xxl&quot;:&quot;inherit&quot;,&quot;xl&quot;:&quot;inherit&quot;}}\"><h2 class=\"bt_bb_headline_tag\"><span class=\"bt_bb_headline_content\"><span>O projektu<\/span><\/span><\/h2><\/header><div class=\"bt_bb_separator bt_bb_border_style_none bt_bb_bottom_spacing_30\" data-bt-override-class=\"null\"><\/div><div class=\"bt_bb_image bt_bb_shape_square bt_bb_target_self bt_bb_align_inherit bt_bb_hover_style_simple bt_bb_content_display_always bt_bb_content_align_middle\" data-bt-override-class=\"{&quot;bt_bb_align_&quot;:{&quot;current_class&quot;:&quot;bt_bb_align_inherit&quot;,&quot;xxl&quot;:&quot;inherit&quot;,&quot;xl&quot;:&quot;inherit&quot;}}\"><span><img loading=\"lazy\" decoding=\"async\" width=\"4363\" height=\"1041\" src=\"https:\/\/ostanimozdravi.hr\/desetpodeset\/wp-content\/uploads\/2023\/02\/DesetEU.png\" class=\"attachment-full size-full\" alt=\"Banner\" data-full_image_src=\"https:\/\/ostanimozdravi.hr\/desetpodeset\/wp-content\/uploads\/2023\/02\/DesetEU.png\" title=\"DesetEU\" srcset=\"https:\/\/ostanimozdravi.hr\/desetpodeset\/wp-content\/uploads\/2023\/02\/DesetEU.png 4363w, https:\/\/ostanimozdravi.hr\/desetpodeset\/wp-content\/uploads\/2023\/02\/DesetEU-640x153.png 640w, https:\/\/ostanimozdravi.hr\/desetpodeset\/wp-content\/uploads\/2023\/02\/DesetEU-1280x305.png 1280w, https:\/\/ostanimozdravi.hr\/desetpodeset\/wp-content\/uploads\/2023\/02\/DesetEU-768x183.png 768w, https:\/\/ostanimozdravi.hr\/desetpodeset\/wp-content\/uploads\/2023\/02\/DesetEU-1536x366.png 1536w, https:\/\/ostanimozdravi.hr\/desetpodeset\/wp-content\/uploads\/2023\/02\/DesetEU-2048x489.png 2048w, https:\/\/ostanimozdravi.hr\/desetpodeset\/wp-content\/uploads\/2023\/02\/DesetEU-320x76.png 320w\" sizes=\"(max-width: 4363px) 100vw, 4363px\" \/><\/span><\/div><div data-bb-version=\"4.5.4\"  class=\"bt_bb_text\" ><p>Projekt je sufinancirala Europska unija iz Europskog socijalnog fonda<\/p>\n<\/div><div class=\"bt_bb_separator bt_bb_border_style_none bt_bb_bottom_spacing_medium\" data-bt-override-class=\"null\"><\/div><div data-bb-version=\"4.5.4\" class=\"bt_bb_button bt_bb_color_scheme_4 bt_bb_icon_position_left bt_bb_style_filled bt_bb_size_medium bt_bb_width_inline bt_bb_shape_inherit bt_bb_target_blank bt_bb_text_transform_inherit bt_bb_align_left\" style=\"; --primary-color:var(--accent-color); --secondary-color:#ffffff;\" data-bt-override-class=\"{&quot;bt_bb_size_&quot;:{&quot;current_class&quot;:&quot;bt_bb_size_medium&quot;,&quot;xxl&quot;:&quot;medium&quot;},&quot;bt_bb_align_&quot;:{&quot;current_class&quot;:&quot;bt_bb_align_left&quot;,&quot;xxl&quot;:&quot;left&quot;}}\"><a href=\"http:\/\/www.strukturnifondovi.hr\" target=\"_blank\" class=\"bt_bb_link\" title=\"www.strukturnifondovi.hr\"><span class=\"bt_bb_button_text\" >www.strukturnifondovi.hr<\/span><\/a><\/div><div data-bb-version=\"4.5.4\" class=\"bt_bb_button bt_bb_color_scheme_4 bt_bb_icon_position_left bt_bb_style_filled bt_bb_size_medium bt_bb_width_inline bt_bb_shape_inherit bt_bb_target_blank bt_bb_text_transform_inherit bt_bb_align_left\" style=\"; --primary-color:var(--accent-color); --secondary-color:#ffffff;\" data-bt-override-class=\"{&quot;bt_bb_size_&quot;:{&quot;current_class&quot;:&quot;bt_bb_size_medium&quot;,&quot;xxl&quot;:&quot;medium&quot;},&quot;bt_bb_align_&quot;:{&quot;current_class&quot;:&quot;bt_bb_align_left&quot;,&quot;xxl&quot;:&quot;left&quot;}}\"><a href=\"http:\/\/www.esf.hr\" target=\"_blank\" class=\"bt_bb_link\" title=\"www.esf.hr\"><span class=\"bt_bb_button_text\" >www.esf.hr<\/span><\/a><\/div><div class=\"bt_bb_separator bt_bb_border_style_none bt_bb_bottom_spacing_medium\" data-bt-override-class=\"null\"><\/div><\/div><\/div><\/div><div  class=\"bt_bb_column col-xxl-6 col-xl-6 col-xs-12 col-sm-6 col-md-6 col-lg-6 bt_bb_vertical_align_top bt_bb_align_left bt_bb_padding_normal\"  data-width=\"6\" data-bt-override-class=\"{}\"><div class=\"bt_bb_column_content\"><div class=\"bt_bb_column_content_inner\"><\/div><\/div><\/div><\/div><\/div><\/div><!-- cell_inner --><\/div><!-- cell --><\/div><!-- port --><div class=\"bt_bb_section_bottom_section_coverage_image\"><img decoding=\"async\" src=\"https:\/\/ostanimozdravi.hr\/desetpodeset\/wp-content\/uploads\/2021\/08\/white_bottom_wave_01.png\" alt=\"bt_bb_section_bottom_section_coverage_image\" \/><\/div><\/section><section id=\"bt_bb_section69fc9d05869a7\" class=\"bt_bb_section bt_bb_color_scheme_4 bt_bb_layout_boxed_1200 bt_bb_vertical_align_top bt_bb_top_spacing_medium bt_bb_bottom_spacing_medium\" style=\"; --section-primary-color:var(--accent-color); --section-secondary-color:#ffffff;\" data-bt-override-class=\"{&quot;bt_bb_top_spacing_&quot;:{&quot;current_class&quot;:&quot;bt_bb_top_spacing_medium&quot;,&quot;xxl&quot;:&quot;medium&quot;,&quot;xl&quot;:&quot;medium&quot;},&quot;bt_bb_bottom_spacing_&quot;:{&quot;current_class&quot;:&quot;bt_bb_bottom_spacing_medium&quot;,&quot;xxl&quot;:&quot;medium&quot;,&quot;xl&quot;:&quot;medium&quot;}}\"><div class=\"bt_bb_port\"><div class=\"bt_bb_cell\"><div class=\"bt_bb_cell_inner\"><div class=\"bt_bb_row_wrapper\"><div  class=\"bt_bb_row\"  data-bt-override-class=\"{}\"><div  class=\"bt_bb_column col-xxl-12 col-xl-12 col-xs-12 col-sm-12 col-md-12 col-lg-12 bt_bb_vertical_align_top bt_bb_align_left bt_bb_padding_normal bt_bb_animation_fade_in animate\"  data-width=\"12\" data-bt-override-class=\"{&quot;bt_bb_align_&quot;:{&quot;current_class&quot;:&quot;bt_bb_align_left&quot;,&quot;xxl&quot;:&quot;left&quot;,&quot;xl&quot;:&quot;left&quot;},&quot;bt_bb_padding_&quot;:{&quot;current_class&quot;:&quot;bt_bb_padding_normal&quot;,&quot;xxl&quot;:&quot;normal&quot;,&quot;xl&quot;:&quot;normal&quot;}}\"><div class=\"bt_bb_column_content\"><div class=\"bt_bb_column_content_inner\"><header class=\"bt_bb_headline bt_bb_subheadline_text_transform_default bt_bb_dash_none bt_bb_size_large bt_bb_align_left\" data-bt-override-class=\"{&quot;bt_bb_size_&quot;:{&quot;current_class&quot;:&quot;bt_bb_size_large&quot;,&quot;xxl&quot;:&quot;large&quot;,&quot;xl&quot;:&quot;large&quot;},&quot;bt_bb_align_&quot;:{&quot;current_class&quot;:&quot;bt_bb_align_left&quot;,&quot;xxl&quot;:&quot;left&quot;,&quot;xl&quot;:&quot;left&quot;}}\"><h2 class=\"bt_bb_headline_tag\"><span class=\"bt_bb_headline_content\"><span>Naziv i ciljevi Projekta<\/span><\/span><\/h2><\/header><div class=\"bt_bb_separator bt_bb_border_style_none bt_bb_bottom_spacing_medium\" data-bt-override-class=\"null\"><\/div><div  class=\"bt_bb_text\" ><p style=\"text-align: left\">Naziv Projekta je 10 po 10 minuta za zdravlje<\/p>\n<p style=\"text-align: left\">Ciljevi Projekta su snimiti 15 kratkih edukativnih filmova o unapre\u0111enju zdravlja i prevenciji bolesti i<br \/>\nposlati jasne poruke kojim se \u017eivotnim navikama unapre\u0111uje zdravlje i prevenira naj\u010de\u0161\u0107e kroni\u010dne<br \/>\nnezarazne bolesti.<\/p>\n<\/div><div class=\"bt_bb_separator bt_bb_border_style_none bt_bb_bottom_spacing_medium\" data-bt-override-class=\"null\"><\/div><\/div><\/div><\/div><\/div><\/div><div class=\"bt_bb_row_wrapper\"><div  class=\"bt_bb_row\"  data-bt-override-class=\"{}\"><div  class=\"bt_bb_column col-xxl-12 col-xl-12 col-xs-12 col-sm-12 col-md-12 col-lg-12 bt_bb_vertical_align_top bt_bb_align_left bt_bb_padding_normal bt_bb_animation_fade_in animate\"  data-width=\"12\" data-bt-override-class=\"{&quot;bt_bb_align_&quot;:{&quot;current_class&quot;:&quot;bt_bb_align_left&quot;,&quot;xxl&quot;:&quot;left&quot;,&quot;xl&quot;:&quot;left&quot;},&quot;bt_bb_padding_&quot;:{&quot;current_class&quot;:&quot;bt_bb_padding_normal&quot;,&quot;xxl&quot;:&quot;normal&quot;,&quot;xl&quot;:&quot;normal&quot;}}\"><div class=\"bt_bb_column_content\"><div class=\"bt_bb_column_content_inner\"><header class=\"bt_bb_headline bt_bb_subheadline_text_transform_default bt_bb_dash_none bt_bb_size_large bt_bb_align_left\" data-bt-override-class=\"{&quot;bt_bb_size_&quot;:{&quot;current_class&quot;:&quot;bt_bb_size_large&quot;,&quot;xxl&quot;:&quot;large&quot;,&quot;xl&quot;:&quot;large&quot;},&quot;bt_bb_align_&quot;:{&quot;current_class&quot;:&quot;bt_bb_align_left&quot;,&quot;xxl&quot;:&quot;left&quot;,&quot;xl&quot;:&quot;left&quot;}}\"><h2 class=\"bt_bb_headline_tag\"><span class=\"bt_bb_headline_content\"><span>Ukupna vrijednost Projekta i iznos koji sufinancira EU<\/span><\/span><\/h2><\/header><div class=\"bt_bb_separator bt_bb_border_style_none bt_bb_bottom_spacing_medium\" data-bt-override-class=\"null\"><\/div><div  class=\"bt_bb_text\" ><p>Ukupna vrijednost Projekta je 65.071,07 eura (490.278,00 kn), pri \u010demu EU financira 100% vrijednosti Projekta.<\/p>\n<\/div><div class=\"bt_bb_separator bt_bb_border_style_none bt_bb_bottom_spacing_medium\" data-bt-override-class=\"null\"><\/div><\/div><\/div><\/div><\/div><\/div><div class=\"bt_bb_row_wrapper\"><div  class=\"bt_bb_row\"  data-bt-override-class=\"{}\"><div  class=\"bt_bb_column col-xxl-12 col-xl-12 col-xs-12 col-sm-12 col-md-12 col-lg-12 bt_bb_vertical_align_top bt_bb_align_left bt_bb_padding_normal bt_bb_animation_fade_in animate\"  data-width=\"12\" data-bt-override-class=\"{&quot;bt_bb_align_&quot;:{&quot;current_class&quot;:&quot;bt_bb_align_left&quot;,&quot;xxl&quot;:&quot;left&quot;,&quot;xl&quot;:&quot;left&quot;},&quot;bt_bb_padding_&quot;:{&quot;current_class&quot;:&quot;bt_bb_padding_normal&quot;,&quot;xxl&quot;:&quot;normal&quot;,&quot;xl&quot;:&quot;normal&quot;}}\"><div class=\"bt_bb_column_content\"><div class=\"bt_bb_column_content_inner\"><header class=\"bt_bb_headline bt_bb_subheadline_text_transform_default bt_bb_dash_none bt_bb_size_large bt_bb_align_left\" data-bt-override-class=\"{&quot;bt_bb_size_&quot;:{&quot;current_class&quot;:&quot;bt_bb_size_large&quot;,&quot;xxl&quot;:&quot;large&quot;,&quot;xl&quot;:&quot;large&quot;},&quot;bt_bb_align_&quot;:{&quot;current_class&quot;:&quot;bt_bb_align_left&quot;,&quot;xxl&quot;:&quot;left&quot;,&quot;xl&quot;:&quot;left&quot;}}\"><h2 class=\"bt_bb_headline_tag\"><span class=\"bt_bb_headline_content\"><span>Trajanje Projekta<\/span><\/span><\/h2><\/header><div class=\"bt_bb_separator bt_bb_border_style_none bt_bb_bottom_spacing_medium\" data-bt-override-class=\"null\"><\/div><div  class=\"bt_bb_text\" ><p style=\"text-align: left\">Trajanje Projekta je od 25.5.2022. do 25.5.2023. godine.<\/p>\n<\/div><div class=\"bt_bb_separator bt_bb_border_style_none bt_bb_bottom_spacing_medium\" data-bt-override-class=\"null\"><\/div><\/div><\/div><\/div><\/div><\/div><div class=\"bt_bb_row_wrapper\"><div  class=\"bt_bb_row\"  data-bt-override-class=\"{}\"><div  class=\"bt_bb_column col-xxl-12 col-xl-12 col-xs-12 col-sm-12 col-md-12 col-lg-12 bt_bb_vertical_align_top bt_bb_align_left bt_bb_padding_normal bt_bb_animation_fade_in animate\"  data-width=\"12\" data-bt-override-class=\"{&quot;bt_bb_align_&quot;:{&quot;current_class&quot;:&quot;bt_bb_align_left&quot;,&quot;xxl&quot;:&quot;left&quot;,&quot;xl&quot;:&quot;left&quot;},&quot;bt_bb_padding_&quot;:{&quot;current_class&quot;:&quot;bt_bb_padding_normal&quot;,&quot;xxl&quot;:&quot;normal&quot;,&quot;xl&quot;:&quot;normal&quot;}}\"><div class=\"bt_bb_column_content\"><div class=\"bt_bb_column_content_inner\"><header data-bb-version=\"4.5.4\" class=\"bt_bb_headline bt_bb_subheadline_text_transform_default bt_bb_dash_none bt_bb_size_large bt_bb_align_left\" data-bt-override-class=\"{&quot;bt_bb_size_&quot;:{&quot;current_class&quot;:&quot;bt_bb_size_large&quot;,&quot;xxl&quot;:&quot;large&quot;},&quot;bt_bb_align_&quot;:{&quot;current_class&quot;:&quot;bt_bb_align_left&quot;,&quot;xxl&quot;:&quot;left&quot;}}\"><h2 class=\"bt_bb_headline_tag\"><span class=\"bt_bb_headline_content\"><span>Korisnik i partner Projekta<\/span><\/span><\/h2><\/header><div class=\"bt_bb_separator bt_bb_border_style_none bt_bb_bottom_spacing_medium\" data-bt-override-class=\"null\"><\/div><div  class=\"bt_bb_text\" ><p style=\"text-align: left\">Korisnik Projekta je Udruga Ataraksija.<\/p>\n<p style=\"text-align: left\">Partner Projekta je Udruga #ostanimozdravi.<\/p>\n<\/div><div class=\"bt_bb_separator bt_bb_border_style_none bt_bb_bottom_spacing_medium\" data-bt-override-class=\"null\"><\/div><\/div><\/div><\/div><\/div><\/div><div class=\"bt_bb_row_wrapper\"><div  class=\"bt_bb_row\"  data-bt-override-class=\"{}\"><div  class=\"bt_bb_column col-xxl-12 col-xl-12 col-xs-12 col-sm-12 col-md-12 col-lg-12 bt_bb_vertical_align_top bt_bb_align_left bt_bb_padding_normal bt_bb_animation_fade_in animate\"  data-width=\"12\" data-bt-override-class=\"{&quot;bt_bb_align_&quot;:{&quot;current_class&quot;:&quot;bt_bb_align_left&quot;,&quot;xxl&quot;:&quot;left&quot;,&quot;xl&quot;:&quot;left&quot;},&quot;bt_bb_padding_&quot;:{&quot;current_class&quot;:&quot;bt_bb_padding_normal&quot;,&quot;xxl&quot;:&quot;normal&quot;,&quot;xl&quot;:&quot;normal&quot;}}\"><div class=\"bt_bb_column_content\"><div class=\"bt_bb_column_content_inner\"><header data-bb-version=\"4.5.4\" class=\"bt_bb_headline bt_bb_subheadline_text_transform_default bt_bb_dash_none bt_bb_size_large bt_bb_align_left\" data-bt-override-class=\"{&quot;bt_bb_size_&quot;:{&quot;current_class&quot;:&quot;bt_bb_size_large&quot;,&quot;xxl&quot;:&quot;large&quot;},&quot;bt_bb_align_&quot;:{&quot;current_class&quot;:&quot;bt_bb_align_left&quot;,&quot;xxl&quot;:&quot;left&quot;}}\"><h2 class=\"bt_bb_headline_tag\"><span class=\"bt_bb_headline_content\"><span>Izjava o odricanju odgovornosti<\/span><\/span><\/h2><\/header><div class=\"bt_bb_separator bt_bb_border_style_none bt_bb_bottom_spacing_medium\" data-bt-override-class=\"null\"><\/div><div  class=\"bt_bb_text\" ><p style=\"text-align: left\">Sadr\u017eaj internetske stranice isklju\u010diva je odgovornost Udruge Ataraksija<\/p>\n<\/div><div class=\"bt_bb_separator bt_bb_border_style_none bt_bb_bottom_spacing_medium\" data-bt-override-class=\"null\"><\/div><\/div><\/div><\/div><\/div><\/div><div class=\"bt_bb_row_wrapper\"><div  class=\"bt_bb_row\"  data-bt-override-class=\"{}\"><div  class=\"bt_bb_column col-xxl-12 col-xl-12 col-xs-12 col-sm-12 col-md-12 col-lg-12 bt_bb_vertical_align_top bt_bb_align_left bt_bb_padding_normal bt_bb_animation_fade_in animate\"  data-width=\"12\" data-bt-override-class=\"{&quot;bt_bb_align_&quot;:{&quot;current_class&quot;:&quot;bt_bb_align_left&quot;,&quot;xxl&quot;:&quot;left&quot;,&quot;xl&quot;:&quot;left&quot;},&quot;bt_bb_padding_&quot;:{&quot;current_class&quot;:&quot;bt_bb_padding_normal&quot;,&quot;xxl&quot;:&quot;normal&quot;,&quot;xl&quot;:&quot;normal&quot;}}\"><div class=\"bt_bb_column_content\"><div class=\"bt_bb_column_content_inner\"><header class=\"bt_bb_headline bt_bb_subheadline_text_transform_default bt_bb_dash_none bt_bb_size_large bt_bb_align_left\" data-bt-override-class=\"{&quot;bt_bb_size_&quot;:{&quot;current_class&quot;:&quot;bt_bb_size_large&quot;,&quot;xxl&quot;:&quot;large&quot;,&quot;xl&quot;:&quot;large&quot;},&quot;bt_bb_align_&quot;:{&quot;current_class&quot;:&quot;bt_bb_align_left&quot;,&quot;xxl&quot;:&quot;left&quot;,&quot;xl&quot;:&quot;left&quot;}}\"><h2 class=\"bt_bb_headline_tag\"><span class=\"bt_bb_headline_content\"><span>Kratki opis Projekta<\/span><\/span><\/h2><\/header><div class=\"bt_bb_separator bt_bb_border_style_none bt_bb_bottom_spacing_medium\" data-bt-override-class=\"null\"><\/div><div  class=\"bt_bb_text\" ><p>Za Republiku Hrvatsku su vidljivi ukupno razmjerno slabi pokazatelji zdravlja. Iako je vidljiv trend<br \/>\nsmanjivanja ukupne stope smrtnosti i smrtnosti od mnogih bolesti, te stope su u usporedbi s<br \/>\neuropskim prosjecima i dalje visoke. Posebno je zabrinjavaju\u0107e stanje vezano uz zdravstveno<br \/>\npona\u0161anje stanovni\u0161tva. Tako\u0111er je prepoznato da u RH ne postoji kultura preuzimanja osobne<br \/>\nodgovornosti za vlastito zdravlje. S druge strane, imamo optere\u0107en zdravstveni sustav, financijski i<br \/>\nkapacitetno. Kako bi se u\u010dinio iskorak u smjeru rastere\u0107enja, u strategiji je istaknuto da hrvatsko<br \/>\nzdravstvo mora pove\u0107ati svoju usmjerenost na prevenciju bolesti, pri \u010demu naglasak treba biti na<br \/>\nkroni\u010dnim nezaraznim bolestima i rizi\u010dnim oblicima pona\u0161anja. Udio izdataka izdvojenih za<br \/>\nprevenciju u 2010. godini u Hrvatskoj je iznosio samo 0,68% od ukupnih tro\u0161kova za zdravstvenu<br \/>\nza\u0161titu (prosjek EU iznosi 2,68%).<br \/>\nSvjetska zdravstvena organizacija isti\u010de da su dana\u0161nje \u201enaj\u010de\u0161\u0107e kroni\u010dne nezarazne bolesti<br \/>\nsprje\u010dive u oko 80% slu\u010dajeva (sr\u010dane bolesti, mo\u017edani udar, dijabetes T2) kao i tre\u0107ina karcinoma, i<br \/>\nto upravo promjenama zdravstvenog pona\u0161anja stanovni\u0161tva, prvenstveno promjenama<br \/>\nprehrambenih navika, pove\u0107anom tjelesnom aktivno\u0161\u0107u, izbjegavanjem rizi\u010dnih pona\u0161anja.<br \/>\nSveobuhvatne promjene \u017eivotnog stila korisne su za spre\u010davanje, lije\u010denje i preokret napredovanja kroni\u010dnih nezaraznih bolesti rje\u0161avanjem njihovih osnovnih uzroka\u201c.<br \/>\nNajve\u0107i izazov u rje\u0161avanju kroni\u010dnih nezaraznih bolesti je motivirati osobe na trajnu promjenu<br \/>\n\u017eivotnih navika. Jedan od motivacijskih faktora je da preporuka dolazi od medicinskih autoriteta. Taj<br \/>\ndio aktivnosti zdravstvenih djelatnika \u010desto izostane zbog optere\u0107enosti poslovima dijagnostike i<br \/>\nkurative, aktualno i globalne pandemije.<br \/>\nUzimaju\u0107i sve to u obzir, kao i ciljeve novog europskog programa \u00bbHealth for Growth\u00ab koji poti\u010du<br \/>\ninovacije i bolje omogu\u0107avanje pristupa medicinskim informacijama u svrhu promicanja dobrog<br \/>\nzdravlja stanovni\u0161tva, Udruga Ataraksija kao prijavitelj i Udruga #ostanimozdravi kao partner<br \/>\nplaniraju projekt pripreme sadr\u017eaja i snimanja kratkih edukativnih filmova, \u010diji bi sadr\u017eaj bile jasne i<br \/>\nprakti\u010dne poruke o promjenama \u017eivotnih navika kojima se posti\u017ee unapre\u0111enje zdravlja i prevencija<br \/>\nbolesti. Filmovi bi bili snimani sa stru\u010dnjacima iz razli\u010ditih podru\u010dja kroni\u010dnih nezaraznih bolesti,<br \/>\nzdrave prehrane, kontrole stresa, tjelesne aktivnosti.<\/p>\n<p>Filmovi bi bili \u0161iroko distribuirani, primarno prema ciljanoj skupini projekta, \u0161to se planira posti\u0107i<br \/>\nPrvenstveno ciljanom digitalnom kampanjom. S 15 kratkih edukativnih filmova (10tak minuta svaki),<br \/>\nobuhvatilo bi se zna\u010dajne teme unapre\u0111enja zdravlja i prevencije bolesti (upravljanje stresom, zdrava<br \/>\nprehrana, tjelesna aktivnost, KV zdravlje, pretilost, \u0161e\u0107erna bolest, prevencija i rano otkrivanje<br \/>\nraka\u2026) i poslale jasne i motivacijske poruke o tome \u0161to treba promijeniti u \u017eivotnoj rutini kako bi se<br \/>\nsa\u010duvalo i pobolj\u0161alo zdravlje.<\/p>\n<\/div><div class=\"bt_bb_separator bt_bb_border_style_none bt_bb_bottom_spacing_medium\" data-bt-override-class=\"null\"><\/div><\/div><\/div><\/div><\/div><\/div><div class=\"bt_bb_row_wrapper\"><div  class=\"bt_bb_row\"  data-bt-override-class=\"{}\"><div  class=\"bt_bb_column col-xxl-12 col-xl-12 col-xs-12 col-sm-12 col-md-12 col-lg-12 bt_bb_vertical_align_top bt_bb_align_left bt_bb_padding_normal bt_bb_animation_fade_in animate\"  data-width=\"12\" data-bt-override-class=\"{&quot;bt_bb_align_&quot;:{&quot;current_class&quot;:&quot;bt_bb_align_left&quot;,&quot;xxl&quot;:&quot;left&quot;,&quot;xl&quot;:&quot;left&quot;},&quot;bt_bb_padding_&quot;:{&quot;current_class&quot;:&quot;bt_bb_padding_normal&quot;,&quot;xxl&quot;:&quot;normal&quot;,&quot;xl&quot;:&quot;normal&quot;}}\"><div class=\"bt_bb_column_content\"><div class=\"bt_bb_column_content_inner\"><header data-bb-version=\"4.5.4\" class=\"bt_bb_headline bt_bb_subheadline_text_transform_default bt_bb_dash_none bt_bb_size_large bt_bb_align_left\" data-bt-override-class=\"{&quot;bt_bb_size_&quot;:{&quot;current_class&quot;:&quot;bt_bb_size_large&quot;,&quot;xxl&quot;:&quot;large&quot;},&quot;bt_bb_align_&quot;:{&quot;current_class&quot;:&quot;bt_bb_align_left&quot;,&quot;xxl&quot;:&quot;left&quot;}}\"><h2 class=\"bt_bb_headline_tag\"><span class=\"bt_bb_headline_content\"><span>Kontakt osoba za vi\u0161e informacija<\/span><\/span><\/h2><\/header><div class=\"bt_bb_separator bt_bb_border_style_none bt_bb_bottom_spacing_medium\" data-bt-override-class=\"null\"><\/div><div  class=\"bt_bb_text\" ><p>Daniela Vuk\u0161i\u0107-Hr\u0161ak, dr.med.<br \/>\nUdruga za poticanje zdravih \u017eivotnih navika #ostanimozdravi<br \/>\nWeb: Info@ostanimozdravi.hr<br \/>\nMob: 091 300 3013<\/p>\n<\/div><div class=\"bt_bb_separator bt_bb_border_style_none bt_bb_bottom_spacing_medium\" data-bt-override-class=\"null\"><\/div><\/div><\/div><\/div><\/div><\/div><\/div><!-- cell_inner --><\/div><!-- cell --><\/div><!-- port --><\/section>","protected":false},"excerpt":{"rendered":"","protected":false},"author":2,"featured_media":0,"parent":0,"menu_order":0,"comment_status":"closed","ping_status":"closed","template":"","meta":{"om_disable_all_campaigns":false,"_monsterinsights_skip_tracking":false,"_monsterinsights_sitenote_active":false,"_monsterinsights_sitenote_note":"","_monsterinsights_sitenote_category":0,"footnotes":""},"aioseo_notices":[],"_links":{"self":[{"href":"https:\/\/ostanimozdravi.hr\/desetpodeset\/wp-json\/wp\/v2\/pages\/11"}],"collection":[{"href":"https:\/\/ostanimozdravi.hr\/desetpodeset\/wp-json\/wp\/v2\/pages"}],"about":[{"href":"https:\/\/ostanimozdravi.hr\/desetpodeset\/wp-json\/wp\/v2\/types\/page"}],"author":[{"embeddable":true,"href":"https:\/\/ostanimozdravi.hr\/desetpodeset\/wp-json\/wp\/v2\/users\/2"}],"replies":[{"embeddable":true,"href":"https:\/\/ostanimozdravi.hr\/desetpodeset\/wp-json\/wp\/v2\/comments?post=11"}],"version-history":[{"count":15,"href":"https:\/\/ostanimozdravi.hr\/desetpodeset\/wp-json\/wp\/v2\/pages\/11\/revisions"}],"predecessor-version":[{"id":3422,"href":"https:\/\/ostanimozdravi.hr\/desetpodeset\/wp-json\/wp\/v2\/pages\/11\/revisions\/3422"}],"wp:attachment":[{"href":"https:\/\/ostanimozdravi.hr\/desetpodeset\/wp-json\/wp\/v2\/media?parent=11"}],"curies":[{"name":"wp","href":"https:\/\/api.w.org\/{rel}","templated":true}]}}